{"id":1078,"date":"2022-02-21T13:53:05","date_gmt":"2022-02-21T12:53:05","guid":{"rendered":"https:\/\/harago.eus\/?page_id=1078"},"modified":"2022-02-21T14:34:07","modified_gmt":"2022-02-21T13:34:07","slug":"quienes-somos","status":"publish","type":"page","link":"https:\/\/harago.eus\/es\/quienes-somos\/","title":{"rendered":"\u00bfQui\u00e9nes somos?"},"content":{"rendered":"\t\t<div data-elementor-type=\"wp-page\" data-elementor-id=\"1078\" class=\"elementor elementor-1078 elementor-804\" data-elementor-post-type=\"page\">\n\t\t\t\t\t\t<section class=\"elementor-section elementor-top-section elementor-element elementor-element-24dcefb8 elementor-section-full_width elementor-section-height-min-height elementor-section-height-default elementor-section-items-middle\" data-id=\"24dcefb8\" data-element_type=\"section\" data-e-type=\"section\">\n\t\t\t\t\t\t<div class=\"elementor-container elementor-column-gap-no\">\n\t\t\t\t\t<div class=\"elementor-column elementor-col-100 elementor-top-column elementor-element elementor-element-2ab2ecd4\" data-id=\"2ab2ecd4\" data-element_type=\"column\" data-e-type=\"column\">\n\t\t\t<div class=\"elementor-widget-wrap elementor-element-populated\">\n\t\t\t\t\t\t<div class=\"elementor-element elementor-element-2395a3fa elementor-widget elementor-widget-image\" data-id=\"2395a3fa\" data-element_type=\"widget\" data-e-type=\"widget\" data-widget_type=\"image.default\">\n\t\t\t\t<div class=\"elementor-widget-container\">\n\t\t\t\t\t\t\t\t\t\t\t\t\t\t\t<img fetchpriority=\"high\" decoding=\"async\" width=\"1200\" height=\"800\" src=\"https:\/\/harago.eus\/wp-content\/uploads\/2022\/01\/NOR-GARA-1-1200x800.jpg\" class=\"attachment-large size-large wp-image-596\" alt=\"\" srcset=\"https:\/\/harago.eus\/wp-content\/uploads\/2022\/01\/NOR-GARA-1-1200x800.jpg 1200w, https:\/\/harago.eus\/wp-content\/uploads\/2022\/01\/NOR-GARA-1-800x533.jpg 800w, https:\/\/harago.eus\/wp-content\/uploads\/2022\/01\/NOR-GARA-1-768x512.jpg 768w, https:\/\/harago.eus\/wp-content\/uploads\/2022\/01\/NOR-GARA-1.jpg 1500w\" sizes=\"(max-width: 1200px) 100vw, 1200px\" \/>\t\t\t\t\t\t\t\t\t\t\t\t\t\t\t<\/div>\n\t\t\t\t<\/div>\n\t\t\t\t<section class=\"elementor-section elementor-inner-section elementor-element elementor-element-654ae417 elementor-section-boxed elementor-section-height-default elementor-section-height-default\" data-id=\"654ae417\" data-element_type=\"section\" data-e-type=\"section\">\n\t\t\t\t\t\t<div class=\"elementor-container elementor-column-gap-default\">\n\t\t\t\t\t<div class=\"elementor-column elementor-col-50 elementor-inner-column elementor-element elementor-element-1fa15ee\" data-id=\"1fa15ee\" data-element_type=\"column\" data-e-type=\"column\">\n\t\t\t<div class=\"elementor-widget-wrap elementor-element-populated\">\n\t\t\t\t\t\t<div class=\"elementor-element elementor-element-5955b044 elementor-widget elementor-widget-heading\" data-id=\"5955b044\" data-element_type=\"widget\" data-e-type=\"widget\" data-widget_type=\"heading.default\">\n\t\t\t\t<div class=\"elementor-widget-container\">\n\t\t\t\t\t<h2 class=\"elementor-heading-title elementor-size-default\">\u00bfQui\u00e9nes somos?<\/h2>\t\t\t\t<\/div>\n\t\t\t\t<\/div>\n\t\t\t\t<div class=\"elementor-element elementor-element-2d0f935 elementor-widget elementor-widget-text-editor\" data-id=\"2d0f935\" data-element_type=\"widget\" data-e-type=\"widget\" data-widget_type=\"text-editor.default\">\n\t\t\t\t<div class=\"elementor-widget-container\">\n\t\t\t\t\t\t\t\t\t<p>Profundizar en el conocimiento mutuo, trabajando as\u00ed la confianza<\/p>\t\t\t\t\t\t\t\t<\/div>\n\t\t\t\t<\/div>\n\t\t\t\t\t<\/div>\n\t\t<\/div>\n\t\t\t\t<div class=\"elementor-column elementor-col-50 elementor-inner-column elementor-element elementor-element-74c881dd\" data-id=\"74c881dd\" data-element_type=\"column\" data-e-type=\"column\">\n\t\t\t<div class=\"elementor-widget-wrap elementor-element-populated\">\n\t\t\t\t\t\t<div class=\"elementor-element elementor-element-782df455 elementor-widget elementor-widget-text-editor\" data-id=\"782df455\" data-element_type=\"widget\" data-e-type=\"widget\" data-widget_type=\"text-editor.default\">\n\t\t\t\t<div class=\"elementor-widget-container\">\n\t\t\t\t\t\t\t\t\t<p><strong>Objetivo:<\/strong> Fortalecer la confianza, mediante el conocimiento mutuo entre las personas integrantes del grupo o equipo de trabajo.<\/p><p><strong>Visi\u00f3n: <\/strong>Pasamos horas a lo largo del d\u00eda en nuestros lugares de trabajo, en ocasiones, sin apenas conocer a la persona que se sienta al lado. \u00bfConocemos, acaso, el hobbie especial de esa persona? \u00bfSus man\u00edas? \u00bfEsa an\u00e9cdota particular de su vida? Poner en valor y ser conscientes del plano relacional en las organizaciones es esencial para crear \u00e1mbitos de trabajo saludables. <br \/>Esta experiencia posibilita pasar un rato agradable, dejando a un lado temas relacionados con el trabajo\u00a0 fomentando el conocimiento entre las personas, en un clima de complicidad mutua vitalmente sano y positivo.<\/p><p><strong>Dirigido a: <\/strong>Grupos que sientan la necesidad de fortalecer la relaci\u00f3n entre s\u00ed. Sean del \u00e1mbito empresarial, social, educativo, institucional\u2026 cualquier tipo de grupo de trabajo.<br \/>Aquellos grupos que quieran compartir un espacio y momento agradable fuera del lugar de trabajo, dejando de lado por un rato las tareas y responsabilidades, y dando centralidad a las personas, y a conocerse un poco m\u00e1s.<\/p><p><strong>Metodolog\u00eda: <\/strong>Experiencia de 4 horas en el Valle de Leizaran, en Andoain (Gipuzkoa).<\/p>\t\t\t\t\t\t\t\t<\/div>\n\t\t\t\t<\/div>\n\t\t\t\t\t<\/div>\n\t\t<\/div>\n\t\t\t\t\t<\/div>\n\t\t<\/section>\n\t\t\t\t\t<\/div>\n\t\t<\/div>\n\t\t\t\t\t<\/div>\n\t\t<\/section>\n\t\t\t\t<\/div>\n\t\t","protected":false},"excerpt":{"rendered":"<p>\u00bfQui\u00e9nes somos? Profundizar en el conocimiento mutuo, trabajando as\u00ed la confianza Objetivo: Fortalecer la confianza, mediante el conocimiento mutuo entre las personas integrantes del grupo o equipo de trabajo. Visi\u00f3n: Pasamos horas a lo largo del d\u00eda en nuestros lugares de trabajo, en ocasiones, sin apenas conocer a la persona que se sienta al lado. [&hellip;]<\/p>\n","protected":false},"author":1,"featured_media":0,"parent":0,"menu_order":0,"comment_status":"closed","ping_status":"closed","template":"","meta":{"site-sidebar-layout":"no-sidebar","site-content-layout":"page-builder","ast-site-content-layout":"default","site-content-style":"default","site-sidebar-style":"default","ast-global-header-display":"","ast-banner-title-visibility":"","ast-main-header-display":"","ast-hfb-above-header-display":"","ast-hfb-below-header-display":"","ast-hfb-mobile-header-display":"","site-post-title":"disabled","ast-breadcrumbs-content":"","ast-featured-img":"disabled","footer-sml-layout":"","ast-disable-related-posts":"","theme-transparent-header-meta":"default","adv-header-id-meta":"","stick-header-meta":"default","header-above-stick-meta":"","header-main-stick-meta":"","header-below-stick-meta":"","astra-migrate-meta-layouts":"default","ast-page-background-enabled":"default","ast-page-background-meta":{"desktop":{"background-color":"var(--ast-global-color-4)","background-image":"","background-repeat":"repeat","background-position":"center center","background-size":"auto","background-attachment":"scroll","background-type":"","background-media":"","overlay-type":"","overlay-color":"","overlay-opacity":"","overlay-gradient":""},"tablet":{"background-color":"","background-image":"","background-repeat":"repeat","background-position":"center center","background-size":"auto","background-attachment":"scroll","background-type":"","background-media":"","overlay-type":"","overlay-color":"","overlay-opacity":"","overlay-gradient":""},"mobile":{"background-color":"","background-image":"","background-repeat":"repeat","background-position":"center center","background-size":"auto","background-attachment":"scroll","background-type":"","background-media":"","overlay-type":"","overlay-color":"","overlay-opacity":"","overlay-gradient":""}},"ast-content-background-meta":{"desktop":{"background-color":"var(--ast-global-color-5)","background-image":"","background-repeat":"repeat","background-position":"center center","background-size":"auto","background-attachment":"scroll","background-type":"","background-media":"","overlay-type":"","overlay-color":"","overlay-opacity":"","overlay-gradient":""},"tablet":{"background-color":"var(--ast-global-color-5)","background-image":"","background-repeat":"repeat","background-position":"center center","background-size":"auto","background-attachment":"scroll","background-type":"","background-media":"","overlay-type":"","overlay-color":"","overlay-opacity":"","overlay-gradient":""},"mobile":{"background-color":"var(--ast-global-color-5)","background-image":"","background-repeat":"repeat","background-position":"center center","background-size":"auto","background-attachment":"scroll","background-type":"","background-media":"","overlay-type":"","overlay-color":"","overlay-opacity":"","overlay-gradient":""}},"footnotes":""},"class_list":["post-1078","page","type-page","status-publish","hentry"],"yoast_head":"<!-- This site is optimized with the Yoast SEO plugin v27.3 - https:\/\/yoast.com\/product\/yoast-seo-wordpress\/ -->\n<title>\u00bfQui\u00e9nes somos? - Harago<\/title>\n<meta name=\"description\" content=\"Fortalecer la confianza, mediante el conocimiento mutuo entre las personas integrantes del grupo o equipo de trabajo\" \/>\n<meta name=\"robots\" content=\"index, follow, max-snippet:-1, max-image-preview:large, max-video-preview:-1\" \/>\n<link rel=\"canonical\" href=\"https:\/\/harago.eus\/es\/quienes-somos\/\" \/>\n<meta property=\"og:locale\" content=\"es_ES\" \/>\n<meta property=\"og:type\" content=\"article\" \/>\n<meta property=\"og:title\" content=\"\u00bfQui\u00e9nes somos? - Harago\" \/>\n<meta property=\"og:description\" content=\"Fortalecer la confianza, mediante el conocimiento mutuo entre las personas integrantes del grupo o equipo de trabajo\" \/>\n<meta property=\"og:url\" content=\"https:\/\/harago.eus\/es\/quienes-somos\/\" \/>\n<meta property=\"og:site_name\" content=\"Harago\" \/>\n<meta property=\"article:modified_time\" content=\"2022-02-21T13:34:07+00:00\" \/>\n<meta property=\"og:image\" content=\"https:\/\/harago.eus\/wp-content\/uploads\/2022\/01\/NOR-GARA-1-1200x800.jpg\" \/>\n<meta name=\"twitter:card\" content=\"summary_large_image\" \/>\n<meta name=\"twitter:label1\" content=\"Tiempo de lectura\" \/>\n\t<meta name=\"twitter:data1\" content=\"2 minutos\" \/>\n<script type=\"application\/ld+json\" class=\"yoast-schema-graph\">{\"@context\":\"https:\\\/\\\/schema.org\",\"@graph\":[{\"@type\":\"WebPage\",\"@id\":\"https:\\\/\\\/harago.eus\\\/es\\\/quienes-somos\\\/\",\"url\":\"https:\\\/\\\/harago.eus\\\/es\\\/quienes-somos\\\/\",\"name\":\"\u00bfQui\u00e9nes somos? - Harago\",\"isPartOf\":{\"@id\":\"https:\\\/\\\/harago.eus\\\/#website\"},\"primaryImageOfPage\":{\"@id\":\"https:\\\/\\\/harago.eus\\\/es\\\/quienes-somos\\\/#primaryimage\"},\"image\":{\"@id\":\"https:\\\/\\\/harago.eus\\\/es\\\/quienes-somos\\\/#primaryimage\"},\"thumbnailUrl\":\"https:\\\/\\\/harago.eus\\\/wp-content\\\/uploads\\\/2022\\\/01\\\/NOR-GARA-1-1200x800.jpg\",\"datePublished\":\"2022-02-21T12:53:05+00:00\",\"dateModified\":\"2022-02-21T13:34:07+00:00\",\"description\":\"Fortalecer la confianza, mediante el conocimiento mutuo entre las personas integrantes del grupo o equipo de trabajo\",\"breadcrumb\":{\"@id\":\"https:\\\/\\\/harago.eus\\\/es\\\/quienes-somos\\\/#breadcrumb\"},\"inLanguage\":\"es\",\"potentialAction\":[{\"@type\":\"ReadAction\",\"target\":[\"https:\\\/\\\/harago.eus\\\/es\\\/quienes-somos\\\/\"]}]},{\"@type\":\"ImageObject\",\"inLanguage\":\"es\",\"@id\":\"https:\\\/\\\/harago.eus\\\/es\\\/quienes-somos\\\/#primaryimage\",\"url\":\"https:\\\/\\\/harago.eus\\\/wp-content\\\/uploads\\\/2022\\\/01\\\/NOR-GARA-1-1200x800.jpg\",\"contentUrl\":\"https:\\\/\\\/harago.eus\\\/wp-content\\\/uploads\\\/2022\\\/01\\\/NOR-GARA-1-1200x800.jpg\"},{\"@type\":\"BreadcrumbList\",\"@id\":\"https:\\\/\\\/harago.eus\\\/es\\\/quienes-somos\\\/#breadcrumb\",\"itemListElement\":[{\"@type\":\"ListItem\",\"position\":1,\"name\":\"Home\",\"item\":\"https:\\\/\\\/harago.eus\\\/\"},{\"@type\":\"ListItem\",\"position\":2,\"name\":\"\u00bfQui\u00e9nes somos?\"}]},{\"@type\":\"WebSite\",\"@id\":\"https:\\\/\\\/harago.eus\\\/#website\",\"url\":\"https:\\\/\\\/harago.eus\\\/\",\"name\":\"Harago\",\"description\":\"\",\"publisher\":{\"@id\":\"https:\\\/\\\/harago.eus\\\/#organization\"},\"potentialAction\":[{\"@type\":\"SearchAction\",\"target\":{\"@type\":\"EntryPoint\",\"urlTemplate\":\"https:\\\/\\\/harago.eus\\\/?s={search_term_string}\"},\"query-input\":{\"@type\":\"PropertyValueSpecification\",\"valueRequired\":true,\"valueName\":\"search_term_string\"}}],\"inLanguage\":\"es\"},{\"@type\":\"Organization\",\"@id\":\"https:\\\/\\\/harago.eus\\\/#organization\",\"name\":\"Harago\",\"url\":\"https:\\\/\\\/harago.eus\\\/\",\"logo\":{\"@type\":\"ImageObject\",\"inLanguage\":\"es\",\"@id\":\"https:\\\/\\\/harago.eus\\\/#\\\/schema\\\/logo\\\/image\\\/\",\"url\":\"https:\\\/\\\/harago.eus\\\/wp-content\\\/uploads\\\/2021\\\/11\\\/harago-logo-txuria.png\",\"contentUrl\":\"https:\\\/\\\/harago.eus\\\/wp-content\\\/uploads\\\/2021\\\/11\\\/harago-logo-txuria.png\",\"width\":842,\"height\":595,\"caption\":\"Harago\"},\"image\":{\"@id\":\"https:\\\/\\\/harago.eus\\\/#\\\/schema\\\/logo\\\/image\\\/\"}}]}<\/script>\n<!-- \/ Yoast SEO plugin. -->","yoast_head_json":{"title":"\u00bfQui\u00e9nes somos? - Harago","description":"Fortalecer la confianza, mediante el conocimiento mutuo entre las personas integrantes del grupo o equipo de trabajo","robots":{"index":"index","follow":"follow","max-snippet":"max-snippet:-1","max-image-preview":"max-image-preview:large","max-video-preview":"max-video-preview:-1"},"canonical":"https:\/\/harago.eus\/es\/quienes-somos\/","og_locale":"es_ES","og_type":"article","og_title":"\u00bfQui\u00e9nes somos? - Harago","og_description":"Fortalecer la confianza, mediante el conocimiento mutuo entre las personas integrantes del grupo o equipo de trabajo","og_url":"https:\/\/harago.eus\/es\/quienes-somos\/","og_site_name":"Harago","article_modified_time":"2022-02-21T13:34:07+00:00","og_image":[{"url":"https:\/\/harago.eus\/wp-content\/uploads\/2022\/01\/NOR-GARA-1-1200x800.jpg","type":"","width":"","height":""}],"twitter_card":"summary_large_image","twitter_misc":{"Tiempo de lectura":"2 minutos"},"schema":{"@context":"https:\/\/schema.org","@graph":[{"@type":"WebPage","@id":"https:\/\/harago.eus\/es\/quienes-somos\/","url":"https:\/\/harago.eus\/es\/quienes-somos\/","name":"\u00bfQui\u00e9nes somos? - Harago","isPartOf":{"@id":"https:\/\/harago.eus\/#website"},"primaryImageOfPage":{"@id":"https:\/\/harago.eus\/es\/quienes-somos\/#primaryimage"},"image":{"@id":"https:\/\/harago.eus\/es\/quienes-somos\/#primaryimage"},"thumbnailUrl":"https:\/\/harago.eus\/wp-content\/uploads\/2022\/01\/NOR-GARA-1-1200x800.jpg","datePublished":"2022-02-21T12:53:05+00:00","dateModified":"2022-02-21T13:34:07+00:00","description":"Fortalecer la confianza, mediante el conocimiento mutuo entre las personas integrantes del grupo o equipo de trabajo","breadcrumb":{"@id":"https:\/\/harago.eus\/es\/quienes-somos\/#breadcrumb"},"inLanguage":"es","potentialAction":[{"@type":"ReadAction","target":["https:\/\/harago.eus\/es\/quienes-somos\/"]}]},{"@type":"ImageObject","inLanguage":"es","@id":"https:\/\/harago.eus\/es\/quienes-somos\/#primaryimage","url":"https:\/\/harago.eus\/wp-content\/uploads\/2022\/01\/NOR-GARA-1-1200x800.jpg","contentUrl":"https:\/\/harago.eus\/wp-content\/uploads\/2022\/01\/NOR-GARA-1-1200x800.jpg"},{"@type":"BreadcrumbList","@id":"https:\/\/harago.eus\/es\/quienes-somos\/#breadcrumb","itemListElement":[{"@type":"ListItem","position":1,"name":"Home","item":"https:\/\/harago.eus\/"},{"@type":"ListItem","position":2,"name":"\u00bfQui\u00e9nes somos?"}]},{"@type":"WebSite","@id":"https:\/\/harago.eus\/#website","url":"https:\/\/harago.eus\/","name":"Harago","description":"","publisher":{"@id":"https:\/\/harago.eus\/#organization"},"potentialAction":[{"@type":"SearchAction","target":{"@type":"EntryPoint","urlTemplate":"https:\/\/harago.eus\/?s={search_term_string}"},"query-input":{"@type":"PropertyValueSpecification","valueRequired":true,"valueName":"search_term_string"}}],"inLanguage":"es"},{"@type":"Organization","@id":"https:\/\/harago.eus\/#organization","name":"Harago","url":"https:\/\/harago.eus\/","logo":{"@type":"ImageObject","inLanguage":"es","@id":"https:\/\/harago.eus\/#\/schema\/logo\/image\/","url":"https:\/\/harago.eus\/wp-content\/uploads\/2021\/11\/harago-logo-txuria.png","contentUrl":"https:\/\/harago.eus\/wp-content\/uploads\/2021\/11\/harago-logo-txuria.png","width":842,"height":595,"caption":"Harago"},"image":{"@id":"https:\/\/harago.eus\/#\/schema\/logo\/image\/"}}]}},"_links":{"self":[{"href":"https:\/\/harago.eus\/es\/wp-json\/wp\/v2\/pages\/1078","targetHints":{"allow":["GET"]}}],"collection":[{"href":"https:\/\/harago.eus\/es\/wp-json\/wp\/v2\/pages"}],"about":[{"href":"https:\/\/harago.eus\/es\/wp-json\/wp\/v2\/types\/page"}],"author":[{"embeddable":true,"href":"https:\/\/harago.eus\/es\/wp-json\/wp\/v2\/users\/1"}],"replies":[{"embeddable":true,"href":"https:\/\/harago.eus\/es\/wp-json\/wp\/v2\/comments?post=1078"}],"version-history":[{"count":9,"href":"https:\/\/harago.eus\/es\/wp-json\/wp\/v2\/pages\/1078\/revisions"}],"predecessor-version":[{"id":1115,"href":"https:\/\/harago.eus\/es\/wp-json\/wp\/v2\/pages\/1078\/revisions\/1115"}],"wp:attachment":[{"href":"https:\/\/harago.eus\/es\/wp-json\/wp\/v2\/media?parent=1078"}],"curies":[{"name":"wp","href":"https:\/\/api.w.org\/{rel}","templated":true}]}}