{"id":387,"date":"2021-11-19T10:23:55","date_gmt":"2021-11-19T09:23:55","guid":{"rendered":"https:\/\/harago.eus\/aviso-legal\/"},"modified":"2024-04-15T16:36:34","modified_gmt":"2024-04-15T14:36:34","slug":"aviso-legal","status":"publish","type":"page","link":"https:\/\/harago.eus\/es\/aviso-legal\/","title":{"rendered":"Aviso legal"},"content":{"rendered":"<h2>Introducci\u00f3n<\/h2>\n<p>El acceso a este sitio web se encuentra condicionado a la previa lectura y aceptaci\u00f3n por parte de cualquier persona usuaria de los t\u00e9rminos, condiciones, comunicaciones, advertencias y dem\u00e1s avisos legales contenidos en el presente clausulado.<\/p>\n<p>Si la persona usuaria no estuviera de acuerdo con el contenido de los presentes t\u00e9rminos y condiciones de navegaci\u00f3n deber\u00e1 abandonar este sitio web, no pudiendo acceder ni disponer de los servicios que este ofrece.<\/p>\n<p>El acceso a este sitio web tiene car\u00e1cter gratuito.<\/p>\n<p>La persona usuaria declara ser mayor de edad y disponer de la capacidad jur\u00eddica suficiente para vincularse por los presentes t\u00e9rminos y condiciones. Igualmente, acepta de forma expresa y sin excepciones que el acceso y la utilizaci\u00f3n del presente sitio web, de sus servicios y de los contenidos de dichos servicios tiene lugar bajo su \u00fanica y exclusiva responsabilidad.<\/p>\n<p>Las conexiones con otros sitios web que pudieran existir as\u00ed como el uso que la persona usuaria pueda hacer de las mismas est\u00e1 sujeto a los presentes t\u00e9rminos y condiciones de uso, as\u00ed como a los eventuales condicionados espec\u00edficos que este sitio web requiera. Cualquier utilizaci\u00f3n distinta a la autorizada est\u00e1 expresamente prohibida.<\/p>\n<p>La persona responsable de este sitio web podr\u00e1 modificar de modo unilateral, en cualquier momento que estime oportuno la configuraci\u00f3n del presente sitio web, las condiciones de uso y servicio as\u00ed como sus contenidos. Del mismo modo, podr\u00e1 eliminarlos, limitarlos o suspenderlos de manera temporal o definitiva, as\u00ed como impedir el acceso procurando informar a la persona usuaria de dicho cambio a trav\u00e9s de su correo electr\u00f3nico o bien a trav\u00e9s de su publicaci\u00f3n en este sitio web, siempre y cuando las circunstancias as\u00ed se lo permitan.<\/p>\n<h2>Identidad de la persona titular de este sitio web<\/h2>\n<p>Los datos identificativos de la persona responsable de este sitio web son los siguientes:<\/p>\n<p><b><span style=\"font-family: Museo Sans 100;\">HARAGO KOOP. ELK. TXIKIA<\/span><\/b><br \/>\nAgustindarren Plaza 6, 1. lokala<br \/>\n20120 Hernani (Gipuzkoa)<br \/>\n<span style=\"font-family: Museo Sans 100;\">F16359317<\/span><br \/>\n688847670<\/p>\n<p>Gipuzkoako Merkatal Erregistroa, 2777 liburukia, 197 orria, SS-39267, lehen izen-ematea. Inskripzio zbkia: 1\/2017\/556,0<\/p>\n<h2>Derechos y obligaciones del prestador de los servicios<\/h2>\n<p>a) Como proveedor del servicio, HARAGO Koop. Elk. Txikia se encuentra obligada a prestar los servicios ofertados por este sitio web, a garantizar eficazmente el secreto de las comunicaciones que pudieran existir con la persona usuaria, as\u00ed como a responder a las reclamaciones que eventualmente pudieran plantearse.<\/p>\n<p>b) En caso de efectuar operaciones de mantenimiento, reparaci\u00f3n, actualizaci\u00f3n o mejora de los servicios, HARAGO Koop. Elk. Txikia tiene el derecho a suspender temporalmente y sin necesidad de preaviso la accesibilidad a este sitio web, as\u00ed como a reservarse el derecho de prestaci\u00f3n o cancelaci\u00f3n de los servicios, sin perjuicio de lo cual procurar\u00e1 ponerlo en conocimiento de las personas usuarias, siempre que las circunstancias as\u00ed se lo permitan.<\/p>\n<p>c) HARAGO Koop. Elk. Txikia no garantiza, directa o indirectamente, la informaci\u00f3n o los servicios ofrecidos, salvo aquellas garant\u00edas que en virtud de las leyes aplicables deban ser otorgadas o que queden expl\u00edcitamente descritas en un acuerdo entre esta sociedad y la persona usuaria.<\/p>\n<p>d) HARAGO Koop. Elk. Txikia no garantiza el contenido suministrado, en su caso, por terceras partes, ni garantiza la veracidad, fiabilidad, precisi\u00f3n, oportunidad o conveniencia de la informaci\u00f3n suministrada para el destino que las personas usuarias o cualquier otra persona hagan de la misma.<\/p>\n<p>e) Los derechos de propiedad intelectual sobre este sitio web son titularidad de HARAGO Koop. Elk. Txikia. El ejercicio exclusivo de los derechos de reproducci\u00f3n, distribuci\u00f3n, comunicaci\u00f3n p\u00fablica y transformaci\u00f3n pertenecen a la citada compa\u00f1\u00eda.<\/p>\n<h2>Derechos y obligaciones de la persona usuaria<\/h2>\n<p>En todo momento, la persona usuaria debe realizar un uso l\u00edcito de los servicios de este sitio web de acuerdo con la legalidad vigente, respetando los derechos de propiedad intelectual deHARAGO Koop. Elk. Txikia HARAGO Koop. Elk. Txikia o terceros.<\/p>\n<p>En este sentido, la persona usuaria garantiza que las actividades que desarrolle a trav\u00e9s de este sitio web se adecuar\u00e1n a la ley, la moral, el orden p\u00fablico, las buenas costumbres y en ning\u00fan caso resultar\u00e1n ofensivas para el buen nombre e imagen comercial de HARAGO Koop. Elk. Txikia o para otras personas usuarias de este sitio web o terceros.<\/p>\n<p>La persona usuaria no realizar\u00e1 a trav\u00e9s de los servicios que pone a su disposici\u00f3n HARAGO Koop. Elk. Txikia ninguna acci\u00f3n que cause da\u00f1o o alteraciones de los contenidos, ni obstaculizar\u00e1 el buen funcionamiento de este sitio web, no causando problemas t\u00e9cnicos de cualquier \u00edndole, no transfiriendo elementos susceptibles de portar virus inform\u00e1ticos o de da\u00f1ar, interferir o interceptar total o parcialmente este sitio web, as\u00ed como a no intervenir o alterar el correo electr\u00f3nico de otras personas usuarias.<\/p>\n<p>La responsabilidad de la persona usuaria sobre la veracidad de los datos introducidos es exclusiva, por lo que en caso de haber facilitado datos falsos o inexactos, HARAGO Koop. Elk. Txikia se reserva el derecho a prohibirle el acceso a este sitio web.<\/p>\n<h2>Exclusi\u00f3n de garant\u00edas y de responsabilidad por el funcionamiento de este sitio web y de sus servicios<\/h2>\n<p>HARAGO Koop. Elk. Txikia no garantiza la disponibilidad y continuidad del funcionamiento de este sitio web y de sus servicios.<\/p>\n<p>De esta forma, se excluye cualquier responsabilidad por los da\u00f1os y perjuicios de cualquier naturaleza que puedan deberse a la falta de disponibilidad o de continuidad del funcionamiento de este sitio web y de sus servicios y la utilidad que las personas usuarias hubieran podido atribuir a este sitio web.<\/p>\n<p>En cualquier caso, HARAGO Koop. Elk. Txikia realizar\u00e1 sus mejores esfuerzos de cara a mantener la disponibilidad continuada de este sitio web.<\/p>\n<p>HARAGO Koop. Elk. Txikia pone a disposici\u00f3n de las personas usuarias los sistemas de privacidad de datos personales que impidan el acceso a los mismos por parte de terceros no autoriazados.<\/p>\n<p>HARAGO Koop. Elk. Txikia ha implantado todas las medidas de seguridad t\u00e9cnicas y organizativas necesarias que garanticen la integridad, confidencialidad y disponibilidad de los datos personales facilitados por la persona usuaria.<\/p>\n<p>Pese a que HARAGO Koop. Elk. Txikia ha implantado todas aquellas medidas de seguridad adecuadas para garantizar la seguridad en esta materia, no controla ni garantiza la ausencia de virus ni de otros elementos en los contenidos de este sitio web que puedan producir alteraciones en el sistema inform\u00e1tico (software y hardware) de la persona usuaria o en los documentos electr\u00f3nicos y ficheros almacenados en su sistema inform\u00e1tico.<\/p>\n<p>HARAGO Koop. Elk. Txikia se exime de cualquier responsabilidad por los da\u00f1os y perjuicios de toda naturaleza que puedan deberse a la presencia de virus en los contenidos que puedan producir alteraciones en el sistema inform\u00e1tico, documentos electr\u00f3nicos, ficheros etc.<\/p>\n<p>HARAGO Koop. Elk. Txikia no tiene obligaci\u00f3n y no controla la utilizaci\u00f3n que las personas usuarias hacen de este sitio web, de los servicios y de sus contenidos. En particular, esta sociedad no garantiza que las personas usuarias utilicen este sitio web, sus servicios y sus contenidos de conformidad con estos t\u00e9rminos y condiciones generales y, en su caso, las condiciones particulares que resulten de aplicaci\u00f3n, ni que lo hagan de forma diligente y prudente.<\/p>\n<p>HARAGO Koop. Elk. Txikia tampoco tiene la obligaci\u00f3n de verificar, y no verifica, la identidad de las personas usuarias, ni la veracidad, vigencia, exhaustividad y\/o autenticidad de los datos que las mismas proporcionan sobre s\u00ed a otras personas usuarias.<\/p>\n<h2>Propiedad intelectual<\/h2>\n<p>Todos los derechos sobre el contenido de este sitio web pertenecen a HARAGO Koop. Elk. Txikia salvo aquellos de empresas con las que haya firmado el correspondiente contrato para la provisi\u00f3n de contenidos y est\u00e1n protegidos por las normas nacionales e internacionales de propiedad intelectual e industrial.<\/p>\n<p>El dise\u00f1o, im\u00e1genes, mapas, gr\u00e1ficos, marcas, r\u00f3tulos, signos distintivos o logos de HARAGO Koop. Elk. Txikia, frames, banners, el software y sus distintos c\u00f3digos fuente y objeto, etc. de este sitio web son titularidad de HARAGO Koop. Elk. Txikia.<\/p>\n<p>La persona usuaria que acceda a este sitio web no puede copiar, modificar, distribuir, transmitir, reproducir, publicar, ceder, vender los elementos anteriormente mencionados o crear nuevos productos o servicios derivados de la informaci\u00f3n obtenida.<\/p>\n<p>\u00danicamente queda autorizada la visualizaci\u00f3n y carga para el uso personal y no comercial de la persona usuaria, sin que pueda hacerlo extensivo a terceras personas o entidades.<\/p>\n<p>En el caso de gr\u00e1ficos o dise\u00f1os que aparezcan en este sitio web cuya titularidad sean empresas colaboradoras de HARAGO Koop. Elk. Txikia les ser\u00e1n de aplicaci\u00f3n, igualmente, las presentes condiciones, salvo pacto en contrario.<\/p>\n<p>Queda terminantemente prohibida la alteraci\u00f3n de este sitio web por parte de la persona usuaria y que pueda afectar a su contenido, tales como v\u00ednculos (o links) y similares.<\/p>\n<p>HARAGO Koop. Elk. Txikia velar\u00e1 para que los contenidos de este sitio web no tengan car\u00e1cter pornogr\u00e1fico, xen\u00f3fobo, discriminatorio, racista, difamatorio o que no fomenten la violencia. Del mismo modo, procurar\u00e1 evitar cualquier circunstancia que pueda ser perjudicial para las personas usuarias.<\/p>\n<h2>Ley aplicable y jurisdicci\u00f3n<\/h2>\n<p>Estos t\u00e9rminos y condiciones de uso y navegaci\u00f3n as\u00ed como cualquier relaci\u00f3n entre la persona usuaria y HARAGO Koop. Elk. Txikia se regir\u00e1n por la legislaci\u00f3n espa\u00f1ola.<\/p>\n<p>Para cualquier litigio derivado de la existencia o contenido de los presentes t\u00e9rminos y condiciones o de las relaciones entre la persona usuaria y HARAGO Koop. Elk. Txikia ambas partes se someten a la jurisdicci\u00f3n y competencia de los Juzgados y Tribunales que legalmente correspondan.<\/p>\n","protected":false},"excerpt":{"rendered":"<p>Introducci\u00f3n El acceso a este sitio web se encuentra condicionado a la previa lectura y aceptaci\u00f3n por parte de cualquier persona usuaria de los t\u00e9rminos, condiciones, comunicaciones, advertencias y dem\u00e1s avisos legales contenidos en el presente clausulado. Si la persona usuaria no estuviera de acuerdo con el contenido de los presentes t\u00e9rminos y condiciones de [&hellip;]<\/p>\n","protected":false},"author":1,"featured_media":0,"parent":0,"menu_order":0,"comment_status":"closed","ping_status":"closed","template":"","meta":{"site-sidebar-layout":"default","site-content-layout":"","ast-site-content-layout":"default","site-content-style":"default","site-sidebar-style":"default","ast-global-header-display":"","ast-banner-title-visibility":"","ast-main-header-display":"","ast-hfb-above-header-display":"","ast-hfb-below-header-display":"","ast-hfb-mobile-header-display":"","site-post-title":"","ast-breadcrumbs-content":"","ast-featured-img":"","footer-sml-layout":"","theme-transparent-header-meta":"","adv-header-id-meta":"","stick-header-meta":"","header-above-stick-meta":"","header-main-stick-meta":"","header-below-stick-meta":"","astra-migrate-meta-layouts":"set","ast-page-background-enabled":"default","ast-page-background-meta":{"desktop":{"background-color":"var(--ast-global-color-4)","background-image":"","background-repeat":"repeat","background-position":"center center","background-size":"auto","background-attachment":"scroll","background-type":"","background-media":"","overlay-type":"","overlay-color":"","overlay-opacity":"","overlay-gradient":""},"tablet":{"background-color":"","background-image":"","background-repeat":"repeat","background-position":"center center","background-size":"auto","background-attachment":"scroll","background-type":"","background-media":"","overlay-type":"","overlay-color":"","overlay-opacity":"","overlay-gradient":""},"mobile":{"background-color":"","background-image":"","background-repeat":"repeat","background-position":"center center","background-size":"auto","background-attachment":"scroll","background-type":"","background-media":"","overlay-type":"","overlay-color":"","overlay-opacity":"","overlay-gradient":""}},"ast-content-background-meta":{"desktop":{"background-color":"var(--ast-global-color-5)","background-image":"","background-repeat":"repeat","background-position":"center center","background-size":"auto","background-attachment":"scroll","background-type":"","background-media":"","overlay-type":"","overlay-color":"","overlay-opacity":"","overlay-gradient":""},"tablet":{"background-color":"var(--ast-global-color-5)","background-image":"","background-repeat":"repeat","background-position":"center center","background-size":"auto","background-attachment":"scroll","background-type":"","background-media":"","overlay-type":"","overlay-color":"","overlay-opacity":"","overlay-gradient":""},"mobile":{"background-color":"var(--ast-global-color-5)","background-image":"","background-repeat":"repeat","background-position":"center center","background-size":"auto","background-attachment":"scroll","background-type":"","background-media":"","overlay-type":"","overlay-color":"","overlay-opacity":"","overlay-gradient":""}},"footnotes":""},"class_list":["post-387","page","type-page","status-publish","hentry"],"yoast_head":"<!-- This site is optimized with the Yoast SEO plugin v25.0 - https:\/\/yoast.com\/wordpress\/plugins\/seo\/ -->\n<title>Aviso legal - Harago<\/title>\n<meta name=\"robots\" content=\"noindex, follow\" \/>\n<meta property=\"og:locale\" content=\"es_ES\" \/>\n<meta property=\"og:type\" content=\"article\" \/>\n<meta property=\"og:title\" content=\"Aviso legal - Harago\" \/>\n<meta property=\"og:description\" content=\"Introducci\u00f3n El acceso a este sitio web se encuentra condicionado a la previa lectura y aceptaci\u00f3n por parte de cualquier persona usuaria de los t\u00e9rminos, condiciones, comunicaciones, advertencias y dem\u00e1s avisos legales contenidos en el presente clausulado. Si la persona usuaria no estuviera de acuerdo con el contenido de los presentes t\u00e9rminos y condiciones de [&hellip;]\" \/>\n<meta property=\"og:url\" content=\"https:\/\/harago.eus\/es\/aviso-legal\/\" \/>\n<meta property=\"og:site_name\" content=\"Harago\" \/>\n<meta property=\"article:modified_time\" content=\"2024-04-15T14:36:34+00:00\" \/>\n<meta name=\"twitter:card\" content=\"summary_large_image\" \/>\n<meta name=\"twitter:label1\" content=\"Tiempo de lectura\" \/>\n\t<meta name=\"twitter:data1\" content=\"9 minutos\" \/>\n<script type=\"application\/ld+json\" class=\"yoast-schema-graph\">{\"@context\":\"https:\/\/schema.org\",\"@graph\":[{\"@type\":\"WebPage\",\"@id\":\"https:\/\/harago.eus\/es\/aviso-legal\/\",\"url\":\"https:\/\/harago.eus\/es\/aviso-legal\/\",\"name\":\"Aviso legal - Harago\",\"isPartOf\":{\"@id\":\"https:\/\/harago.eus\/#website\"},\"datePublished\":\"2021-11-19T09:23:55+00:00\",\"dateModified\":\"2024-04-15T14:36:34+00:00\",\"breadcrumb\":{\"@id\":\"https:\/\/harago.eus\/es\/aviso-legal\/#breadcrumb\"},\"inLanguage\":\"es\",\"potentialAction\":[{\"@type\":\"ReadAction\",\"target\":[\"https:\/\/harago.eus\/es\/aviso-legal\/\"]}]},{\"@type\":\"BreadcrumbList\",\"@id\":\"https:\/\/harago.eus\/es\/aviso-legal\/#breadcrumb\",\"itemListElement\":[{\"@type\":\"ListItem\",\"position\":1,\"name\":\"Home\",\"item\":\"https:\/\/harago.eus\/\"},{\"@type\":\"ListItem\",\"position\":2,\"name\":\"Aviso legal\"}]},{\"@type\":\"WebSite\",\"@id\":\"https:\/\/harago.eus\/#website\",\"url\":\"https:\/\/harago.eus\/\",\"name\":\"Harago\",\"description\":\"\",\"publisher\":{\"@id\":\"https:\/\/harago.eus\/#organization\"},\"potentialAction\":[{\"@type\":\"SearchAction\",\"target\":{\"@type\":\"EntryPoint\",\"urlTemplate\":\"https:\/\/harago.eus\/?s={search_term_string}\"},\"query-input\":{\"@type\":\"PropertyValueSpecification\",\"valueRequired\":true,\"valueName\":\"search_term_string\"}}],\"inLanguage\":\"es\"},{\"@type\":\"Organization\",\"@id\":\"https:\/\/harago.eus\/#organization\",\"name\":\"Harago\",\"url\":\"https:\/\/harago.eus\/\",\"logo\":{\"@type\":\"ImageObject\",\"inLanguage\":\"es\",\"@id\":\"https:\/\/harago.eus\/#\/schema\/logo\/image\/\",\"url\":\"https:\/\/harago.eus\/wp-content\/uploads\/2021\/11\/harago-logo-txuria.png\",\"contentUrl\":\"https:\/\/harago.eus\/wp-content\/uploads\/2021\/11\/harago-logo-txuria.png\",\"width\":842,\"height\":595,\"caption\":\"Harago\"},\"image\":{\"@id\":\"https:\/\/harago.eus\/#\/schema\/logo\/image\/\"}}]}<\/script>\n<!-- \/ Yoast SEO plugin. -->","yoast_head_json":{"title":"Aviso legal - Harago","robots":{"index":"noindex","follow":"follow"},"og_locale":"es_ES","og_type":"article","og_title":"Aviso legal - Harago","og_description":"Introducci\u00f3n El acceso a este sitio web se encuentra condicionado a la previa lectura y aceptaci\u00f3n por parte de cualquier persona usuaria de los t\u00e9rminos, condiciones, comunicaciones, advertencias y dem\u00e1s avisos legales contenidos en el presente clausulado. Si la persona usuaria no estuviera de acuerdo con el contenido de los presentes t\u00e9rminos y condiciones de [&hellip;]","og_url":"https:\/\/harago.eus\/es\/aviso-legal\/","og_site_name":"Harago","article_modified_time":"2024-04-15T14:36:34+00:00","twitter_card":"summary_large_image","twitter_misc":{"Tiempo de lectura":"9 minutos"},"schema":{"@context":"https:\/\/schema.org","@graph":[{"@type":"WebPage","@id":"https:\/\/harago.eus\/es\/aviso-legal\/","url":"https:\/\/harago.eus\/es\/aviso-legal\/","name":"Aviso legal - Harago","isPartOf":{"@id":"https:\/\/harago.eus\/#website"},"datePublished":"2021-11-19T09:23:55+00:00","dateModified":"2024-04-15T14:36:34+00:00","breadcrumb":{"@id":"https:\/\/harago.eus\/es\/aviso-legal\/#breadcrumb"},"inLanguage":"es","potentialAction":[{"@type":"ReadAction","target":["https:\/\/harago.eus\/es\/aviso-legal\/"]}]},{"@type":"BreadcrumbList","@id":"https:\/\/harago.eus\/es\/aviso-legal\/#breadcrumb","itemListElement":[{"@type":"ListItem","position":1,"name":"Home","item":"https:\/\/harago.eus\/"},{"@type":"ListItem","position":2,"name":"Aviso legal"}]},{"@type":"WebSite","@id":"https:\/\/harago.eus\/#website","url":"https:\/\/harago.eus\/","name":"Harago","description":"","publisher":{"@id":"https:\/\/harago.eus\/#organization"},"potentialAction":[{"@type":"SearchAction","target":{"@type":"EntryPoint","urlTemplate":"https:\/\/harago.eus\/?s={search_term_string}"},"query-input":{"@type":"PropertyValueSpecification","valueRequired":true,"valueName":"search_term_string"}}],"inLanguage":"es"},{"@type":"Organization","@id":"https:\/\/harago.eus\/#organization","name":"Harago","url":"https:\/\/harago.eus\/","logo":{"@type":"ImageObject","inLanguage":"es","@id":"https:\/\/harago.eus\/#\/schema\/logo\/image\/","url":"https:\/\/harago.eus\/wp-content\/uploads\/2021\/11\/harago-logo-txuria.png","contentUrl":"https:\/\/harago.eus\/wp-content\/uploads\/2021\/11\/harago-logo-txuria.png","width":842,"height":595,"caption":"Harago"},"image":{"@id":"https:\/\/harago.eus\/#\/schema\/logo\/image\/"}}]}},"_links":{"self":[{"href":"https:\/\/harago.eus\/es\/wp-json\/wp\/v2\/pages\/387","targetHints":{"allow":["GET"]}}],"collection":[{"href":"https:\/\/harago.eus\/es\/wp-json\/wp\/v2\/pages"}],"about":[{"href":"https:\/\/harago.eus\/es\/wp-json\/wp\/v2\/types\/page"}],"author":[{"embeddable":true,"href":"https:\/\/harago.eus\/es\/wp-json\/wp\/v2\/users\/1"}],"replies":[{"embeddable":true,"href":"https:\/\/harago.eus\/es\/wp-json\/wp\/v2\/comments?post=387"}],"version-history":[{"count":2,"href":"https:\/\/harago.eus\/es\/wp-json\/wp\/v2\/pages\/387\/revisions"}],"predecessor-version":[{"id":1412,"href":"https:\/\/harago.eus\/es\/wp-json\/wp\/v2\/pages\/387\/revisions\/1412"}],"wp:attachment":[{"href":"https:\/\/harago.eus\/es\/wp-json\/wp\/v2\/media?parent=387"}],"curies":[{"name":"wp","href":"https:\/\/api.w.org\/{rel}","templated":true}]}}