{"id":909,"date":"2022-02-16T11:00:18","date_gmt":"2022-02-16T10:00:18","guid":{"rendered":"https:\/\/harago.eus\/?page_id=909"},"modified":"2026-01-07T12:05:40","modified_gmt":"2026-01-07T11:05:40","slug":"quien-somos","status":"publish","type":"page","link":"https:\/\/harago.eus\/es\/quien-somos\/","title":{"rendered":"Qui\u00e9n soy"},"content":{"rendered":"\t\t<div data-elementor-type=\"wp-page\" data-elementor-id=\"909\" class=\"elementor elementor-909 elementor-232\" data-elementor-post-type=\"page\">\n\t\t\t\t\t\t<section class=\"elementor-section elementor-top-section elementor-element elementor-element-21e7134 elementor-section-height-min-height elementor-section-items-bottom elementor-section-boxed elementor-section-height-default\" data-id=\"21e7134\" data-element_type=\"section\" data-e-type=\"section\" data-settings=\"{&quot;background_background&quot;:&quot;classic&quot;}\">\n\t\t\t\t\t\t<div class=\"elementor-container elementor-column-gap-default\">\n\t\t\t\t\t<div class=\"elementor-column elementor-col-100 elementor-top-column elementor-element elementor-element-237ab48a\" data-id=\"237ab48a\" data-element_type=\"column\" data-e-type=\"column\">\n\t\t\t<div class=\"elementor-widget-wrap\">\n\t\t\t\t\t\t\t<\/div>\n\t\t<\/div>\n\t\t\t\t\t<\/div>\n\t\t<\/section>\n\t\t\t\t<section class=\"elementor-section elementor-top-section elementor-element elementor-element-d57c1ff elementor-section-boxed elementor-section-height-default elementor-section-height-default\" data-id=\"d57c1ff\" data-element_type=\"section\" data-e-type=\"section\">\n\t\t\t\t\t\t<div class=\"elementor-container elementor-column-gap-default\">\n\t\t\t\t\t<div class=\"elementor-column elementor-col-66 elementor-top-column elementor-element elementor-element-3171b49\" data-id=\"3171b49\" data-element_type=\"column\" data-e-type=\"column\">\n\t\t\t<div class=\"elementor-widget-wrap elementor-element-populated\">\n\t\t\t\t\t\t<div class=\"elementor-element elementor-element-0987728 elementor-widget elementor-widget-text-editor\" data-id=\"0987728\" data-element_type=\"widget\" data-e-type=\"widget\" data-widget_type=\"text-editor.default\">\n\t\t\t\t<div class=\"elementor-widget-container\">\n\t\t\t\t\t\t\t\t\t<p><strong>Coach, formadora, consultora.<\/strong><\/p><p>Las organizaciones vivas generan un impacto real en la sociedad y en el entorno. Desde Harago acompa\u00f1amos a liderazgos y equipos en la construcci\u00f3n de una vida interna saludable, basada en la colaboraci\u00f3n, la escucha activa y el desarrollo de las personas.<\/p><p>Los nuevos modelos de liderazgo requieren equilibrio para liberar todo el potencial de los equipos: compartir el poder, escuchar, tomar conciencia del impacto emocional, y actuar con conexi\u00f3n al prop\u00f3sito y capacidad de decisi\u00f3n. Y os acompa\u00f1amos desde una mirada sist\u00e9mica.<\/p>\t\t\t\t\t\t\t\t<\/div>\n\t\t\t\t<\/div>\n\t\t\t\t\t<\/div>\n\t\t<\/div>\n\t\t\t\t<div class=\"elementor-column elementor-col-33 elementor-top-column elementor-element elementor-element-f448e41\" data-id=\"f448e41\" data-element_type=\"column\" data-e-type=\"column\">\n\t\t\t<div class=\"elementor-widget-wrap\">\n\t\t\t\t\t\t\t<\/div>\n\t\t<\/div>\n\t\t\t\t\t<\/div>\n\t\t<\/section>\n\t\t\t\t<section class=\"elementor-section elementor-top-section elementor-element elementor-element-5634a29 elementor-section-height-min-height elementor-section-content-middle elementor-section-boxed elementor-section-height-default elementor-section-items-middle\" data-id=\"5634a29\" data-element_type=\"section\" data-e-type=\"section\" data-settings=\"{&quot;background_background&quot;:&quot;classic&quot;}\">\n\t\t\t\t\t\t<div class=\"elementor-container elementor-column-gap-no\">\n\t\t\t\t\t<div class=\"elementor-column elementor-col-50 elementor-top-column elementor-element elementor-element-ae77748\" data-id=\"ae77748\" data-element_type=\"column\" data-e-type=\"column\">\n\t\t\t<div class=\"elementor-widget-wrap elementor-element-populated\">\n\t\t\t\t\t\t<div class=\"elementor-element elementor-element-a8a584e elementor-widget elementor-widget-heading\" data-id=\"a8a584e\" data-element_type=\"widget\" data-e-type=\"widget\" data-widget_type=\"heading.default\">\n\t\t\t\t<div class=\"elementor-widget-container\">\n\t\t\t\t\t<h2 class=\"elementor-heading-title elementor-size-default\">Aran Erasun Urtzelaieta<\/h2>\t\t\t\t<\/div>\n\t\t\t\t<\/div>\n\t\t\t\t<div class=\"elementor-element elementor-element-361348b elementor-widget elementor-widget-text-editor\" data-id=\"361348b\" data-element_type=\"widget\" data-e-type=\"widget\" data-widget_type=\"text-editor.default\">\n\t\t\t\t<div class=\"elementor-widget-container\">\n\t\t\t\t\t\t\t\t\t<p>Soy fundadora y directora de Harago Aholkularitza, desde donde acompa\u00f1o a organizaciones y equipos en comunicaci\u00f3n y liderazgo. Me licenci\u00e9 en Periodismo por la UPV, aunque mi mirada sobre la comunicaci\u00f3n y las relaciones se transform\u00f3 profundamente a partir del proceso de aprendizaje en Coaching y Trabajo en Equipo (M\u00e1ster en Mondragon Unibertsitatea, coach certificada). Me encontrar\u00e1s acompa\u00f1ando procesos de construcci\u00f3n de culturas organizativas saludables, incorporando, entre otros enfoques, la perspectiva de g\u00e9nero y la mirada bioc\u00e9ntrica.<\/p><p>Soy Agente de Igualdad (M\u00e1ster por la UPV) y semilla de cambio. Acompa\u00f1o y promuevo procesos de transformaci\u00f3n hacia la equidad en culturas, relaciones y equipos. En este camino, cre\u00e9 el Programa Jabe, orientado al empoderamiento de mujeres* y al desarrollo de liderazgos m\u00e1s integrales y equilibrados.<\/p>\t\t\t\t\t\t\t\t<\/div>\n\t\t\t\t<\/div>\n\t\t\t\t<div class=\"elementor-element elementor-element-22dc5ee elementor-shape-circle e-grid-align-left elementor-grid-0 elementor-widget elementor-widget-social-icons\" data-id=\"22dc5ee\" data-element_type=\"widget\" data-e-type=\"widget\" data-widget_type=\"social-icons.default\">\n\t\t\t\t<div class=\"elementor-widget-container\">\n\t\t\t\t\t\t\t<div class=\"elementor-social-icons-wrapper elementor-grid\">\n\t\t\t\t\t\t\t<span class=\"elementor-grid-item\">\n\t\t\t\t\t<a class=\"elementor-icon elementor-social-icon elementor-social-icon-linkedin elementor-repeater-item-adaecbd\" href=\"https:\/\/www.linkedin.com\/in\/aran-erasun-urtzelaieta\/\" target=\"_blank\">\n\t\t\t\t\t\t<span class=\"elementor-screen-only\">Linkedin<\/span>\n\t\t\t\t\t\t<i aria-hidden=\"true\" class=\"fab fa-linkedin\"><\/i>\t\t\t\t\t<\/a>\n\t\t\t\t<\/span>\n\t\t\t\t\t<\/div>\n\t\t\t\t\t\t<\/div>\n\t\t\t\t<\/div>\n\t\t\t\t\t<\/div>\n\t\t<\/div>\n\t\t\t\t<div class=\"elementor-column elementor-col-50 elementor-top-column elementor-element elementor-element-5248384\" data-id=\"5248384\" data-element_type=\"column\" data-e-type=\"column\">\n\t\t\t<div class=\"elementor-widget-wrap\">\n\t\t\t\t\t\t\t<\/div>\n\t\t<\/div>\n\t\t\t\t\t<\/div>\n\t\t<\/section>\n\t\t\t\t<section class=\"elementor-section elementor-top-section elementor-element elementor-element-ecdc43c elementor-section-height-min-height elementor-hidden-desktop elementor-hidden-tablet elementor-section-boxed elementor-section-height-default elementor-section-items-middle\" data-id=\"ecdc43c\" data-element_type=\"section\" data-e-type=\"section\" data-settings=\"{&quot;background_background&quot;:&quot;classic&quot;}\">\n\t\t\t\t\t\t<div class=\"elementor-container elementor-column-gap-default\">\n\t\t\t\t\t<div class=\"elementor-column elementor-col-100 elementor-top-column elementor-element elementor-element-e81faff\" data-id=\"e81faff\" data-element_type=\"column\" data-e-type=\"column\">\n\t\t\t<div class=\"elementor-widget-wrap\">\n\t\t\t\t\t\t\t<\/div>\n\t\t<\/div>\n\t\t\t\t\t<\/div>\n\t\t<\/section>\n\t\t\t\t<section class=\"elementor-section elementor-top-section elementor-element elementor-element-752ca8b elementor-section-boxed elementor-section-height-default elementor-section-height-default\" data-id=\"752ca8b\" data-element_type=\"section\" data-e-type=\"section\">\n\t\t\t\t\t\t<div class=\"elementor-container elementor-column-gap-default\">\n\t\t\t\t\t<div class=\"elementor-column elementor-col-100 elementor-top-column elementor-element elementor-element-b7e82a1\" data-id=\"b7e82a1\" data-element_type=\"column\" data-e-type=\"column\">\n\t\t\t<div class=\"elementor-widget-wrap elementor-element-populated\">\n\t\t\t\t\t\t<div class=\"elementor-element elementor-element-251df17 elementor-widget elementor-widget-heading\" data-id=\"251df17\" data-element_type=\"widget\" data-e-type=\"widget\" data-widget_type=\"heading.default\">\n\t\t\t\t<div class=\"elementor-widget-container\">\n\t\t\t\t\t<h2 class=\"elementor-heading-title elementor-size-default\">Nuestros valores <\/h2>\t\t\t\t<\/div>\n\t\t\t\t<\/div>\n\t\t\t\t\t<\/div>\n\t\t<\/div>\n\t\t\t\t\t<\/div>\n\t\t<\/section>\n\t\t\t\t<section class=\"elementor-section elementor-top-section elementor-element elementor-element-7b114d5 elementor-section-boxed elementor-section-height-default elementor-section-height-default\" data-id=\"7b114d5\" data-element_type=\"section\" data-e-type=\"section\">\n\t\t\t\t\t\t<div class=\"elementor-container elementor-column-gap-default\">\n\t\t\t\t\t<div class=\"elementor-column elementor-col-33 elementor-top-column elementor-element elementor-element-594c292\" data-id=\"594c292\" data-element_type=\"column\" data-e-type=\"column\">\n\t\t\t<div class=\"elementor-widget-wrap elementor-element-populated\">\n\t\t\t\t\t\t<div class=\"elementor-element elementor-element-c503cfb elementor-widget elementor-widget-image\" data-id=\"c503cfb\" data-element_type=\"widget\" data-e-type=\"widget\" data-widget_type=\"image.default\">\n\t\t\t\t<div class=\"elementor-widget-container\">\n\t\t\t\t\t\t\t\t\t\t\t\t\t\t\t<img fetchpriority=\"high\" decoding=\"async\" width=\"800\" height=\"533\" src=\"https:\/\/harago.eus\/wp-content\/uploads\/2021\/11\/Bizitza-erdigunean-800x533.jpg\" class=\"attachment-medium size-medium wp-image-251\" alt=\"\" srcset=\"https:\/\/harago.eus\/wp-content\/uploads\/2021\/11\/Bizitza-erdigunean-800x533.jpg 800w, https:\/\/harago.eus\/wp-content\/uploads\/2021\/11\/Bizitza-erdigunean-1200x800.jpg 1200w, https:\/\/harago.eus\/wp-content\/uploads\/2021\/11\/Bizitza-erdigunean-768x512.jpg 768w, https:\/\/harago.eus\/wp-content\/uploads\/2021\/11\/Bizitza-erdigunean.jpg 1500w\" sizes=\"(max-width: 800px) 100vw, 800px\" \/>\t\t\t\t\t\t\t\t\t\t\t\t\t\t\t<\/div>\n\t\t\t\t<\/div>\n\t\t\t\t<div class=\"elementor-element elementor-element-59359f9 elementor-widget elementor-widget-heading\" data-id=\"59359f9\" data-element_type=\"widget\" data-e-type=\"widget\" data-widget_type=\"heading.default\">\n\t\t\t\t<div class=\"elementor-widget-container\">\n\t\t\t\t\t<h3 class=\"elementor-heading-title elementor-size-default\">La vida en el centro <\/h3>\t\t\t\t<\/div>\n\t\t\t\t<\/div>\n\t\t\t\t<div class=\"elementor-element elementor-element-1bb7472 elementor-widget elementor-widget-text-editor\" data-id=\"1bb7472\" data-element_type=\"widget\" data-e-type=\"widget\" data-widget_type=\"text-editor.default\">\n\t\t\t\t<div class=\"elementor-widget-container\">\n\t\t\t\t\t\t\t\t\t<p>Buscamos modos m\u00e1s sostenibles para el trabajo y la vida<\/p>\t\t\t\t\t\t\t\t<\/div>\n\t\t\t\t<\/div>\n\t\t\t\t\t<\/div>\n\t\t<\/div>\n\t\t\t\t<div class=\"elementor-column elementor-col-33 elementor-top-column elementor-element elementor-element-626fa90\" data-id=\"626fa90\" data-element_type=\"column\" data-e-type=\"column\">\n\t\t\t<div class=\"elementor-widget-wrap elementor-element-populated\">\n\t\t\t\t\t\t<div class=\"elementor-element elementor-element-7695736 elementor-widget elementor-widget-image\" data-id=\"7695736\" data-element_type=\"widget\" data-e-type=\"widget\" data-widget_type=\"image.default\">\n\t\t\t\t<div class=\"elementor-widget-container\">\n\t\t\t\t\t\t\t\t\t\t\t\t\t\t\t<img decoding=\"async\" width=\"800\" height=\"533\" src=\"https:\/\/harago.eus\/wp-content\/uploads\/2021\/11\/Sustraiak-800x533.jpg\" class=\"attachment-medium size-medium wp-image-255\" alt=\"\" srcset=\"https:\/\/harago.eus\/wp-content\/uploads\/2021\/11\/Sustraiak-800x533.jpg 800w, https:\/\/harago.eus\/wp-content\/uploads\/2021\/11\/Sustraiak-1200x800.jpg 1200w, https:\/\/harago.eus\/wp-content\/uploads\/2021\/11\/Sustraiak-768x512.jpg 768w, https:\/\/harago.eus\/wp-content\/uploads\/2021\/11\/Sustraiak.jpg 1500w\" sizes=\"(max-width: 800px) 100vw, 800px\" \/>\t\t\t\t\t\t\t\t\t\t\t\t\t\t\t<\/div>\n\t\t\t\t<\/div>\n\t\t\t\t<div class=\"elementor-element elementor-element-d920b57 elementor-widget elementor-widget-heading\" data-id=\"d920b57\" data-element_type=\"widget\" data-e-type=\"widget\" data-widget_type=\"heading.default\">\n\t\t\t\t<div class=\"elementor-widget-container\">\n\t\t\t\t\t<h3 class=\"elementor-heading-title elementor-size-default\">Desde nuestras ra\u00edces <\/h3>\t\t\t\t<\/div>\n\t\t\t\t<\/div>\n\t\t\t\t<div class=\"elementor-element elementor-element-c893258 elementor-widget elementor-widget-text-editor\" data-id=\"c893258\" data-element_type=\"widget\" data-e-type=\"widget\" data-widget_type=\"text-editor.default\">\n\t\t\t\t<div class=\"elementor-widget-container\">\n\t\t\t\t\t\t\t\t\t<p>Desde lo que somos, nuestra lengua y nuestra tierra<\/p>\t\t\t\t\t\t\t\t<\/div>\n\t\t\t\t<\/div>\n\t\t\t\t\t<\/div>\n\t\t<\/div>\n\t\t\t\t<div class=\"elementor-column elementor-col-33 elementor-top-column elementor-element elementor-element-06f26f8\" data-id=\"06f26f8\" data-element_type=\"column\" data-e-type=\"column\">\n\t\t\t<div class=\"elementor-widget-wrap elementor-element-populated\">\n\t\t\t\t\t\t<div class=\"elementor-element elementor-element-a64b103 elementor-widget elementor-widget-image\" data-id=\"a64b103\" data-element_type=\"widget\" data-e-type=\"widget\" data-widget_type=\"image.default\">\n\t\t\t\t<div class=\"elementor-widget-container\">\n\t\t\t\t\t\t\t\t\t\t\t\t\t\t\t<img decoding=\"async\" width=\"800\" height=\"533\" src=\"https:\/\/harago.eus\/wp-content\/uploads\/2021\/11\/Oso-800x533.jpg\" class=\"attachment-medium size-medium wp-image-253\" alt=\"\" srcset=\"https:\/\/harago.eus\/wp-content\/uploads\/2021\/11\/Oso-800x533.jpg 800w, https:\/\/harago.eus\/wp-content\/uploads\/2021\/11\/Oso-1200x800.jpg 1200w, https:\/\/harago.eus\/wp-content\/uploads\/2021\/11\/Oso-768x512.jpg 768w, https:\/\/harago.eus\/wp-content\/uploads\/2021\/11\/Oso.jpg 1500w\" sizes=\"(max-width: 800px) 100vw, 800px\" \/>\t\t\t\t\t\t\t\t\t\t\t\t\t\t\t<\/div>\n\t\t\t\t<\/div>\n\t\t\t\t<div class=\"elementor-element elementor-element-a6304f8 elementor-widget elementor-widget-heading\" data-id=\"a6304f8\" data-element_type=\"widget\" data-e-type=\"widget\" data-widget_type=\"heading.default\">\n\t\t\t\t<div class=\"elementor-widget-container\">\n\t\t\t\t\t<h3 class=\"elementor-heading-title elementor-size-default\">Integral <\/h3>\t\t\t\t<\/div>\n\t\t\t\t<\/div>\n\t\t\t\t<div class=\"elementor-element elementor-element-7a8af9f elementor-widget elementor-widget-text-editor\" data-id=\"7a8af9f\" data-element_type=\"widget\" data-e-type=\"widget\" data-widget_type=\"text-editor.default\">\n\t\t\t\t<div class=\"elementor-widget-container\">\n\t\t\t\t\t\t\t\t\t<p>Tomando en cuenta que somos pensamiento, cuerpo y emoci\u00f3n<\/p>\t\t\t\t\t\t\t\t<\/div>\n\t\t\t\t<\/div>\n\t\t\t\t\t<\/div>\n\t\t<\/div>\n\t\t\t\t\t<\/div>\n\t\t<\/section>\n\t\t\t\t<\/div>\n\t\t","protected":false},"excerpt":{"rendered":"<p>Coach, formadora, consultora. Las organizaciones vivas generan un impacto real en la sociedad y en el entorno. Desde Harago acompa\u00f1amos a liderazgos y equipos en la construcci\u00f3n de una vida interna saludable, basada en la colaboraci\u00f3n, la escucha activa y el desarrollo de las personas. Los nuevos modelos de liderazgo requieren equilibrio para liberar todo [&hellip;]<\/p>\n","protected":false},"author":1,"featured_media":0,"parent":0,"menu_order":0,"comment_status":"closed","ping_status":"closed","template":"","meta":{"site-sidebar-layout":"no-sidebar","site-content-layout":"page-builder","ast-site-content-layout":"default","site-content-style":"default","site-sidebar-style":"default","ast-global-header-display":"","ast-banner-title-visibility":"","ast-main-header-display":"","ast-hfb-above-header-display":"","ast-hfb-below-header-display":"","ast-hfb-mobile-header-display":"","site-post-title":"disabled","ast-breadcrumbs-content":"","ast-featured-img":"disabled","footer-sml-layout":"","ast-disable-related-posts":"","theme-transparent-header-meta":"default","adv-header-id-meta":"","stick-header-meta":"default","header-above-stick-meta":"","header-main-stick-meta":"","header-below-stick-meta":"","astra-migrate-meta-layouts":"default","ast-page-background-enabled":"default","ast-page-background-meta":{"desktop":{"background-color":"var(--ast-global-color-4)","background-image":"","background-repeat":"repeat","background-position":"center center","background-size":"auto","background-attachment":"scroll","background-type":"","background-media":"","overlay-type":"","overlay-color":"","overlay-opacity":"","overlay-gradient":""},"tablet":{"background-color":"","background-image":"","background-repeat":"repeat","background-position":"center center","background-size":"auto","background-attachment":"scroll","background-type":"","background-media":"","overlay-type":"","overlay-color":"","overlay-opacity":"","overlay-gradient":""},"mobile":{"background-color":"","background-image":"","background-repeat":"repeat","background-position":"center center","background-size":"auto","background-attachment":"scroll","background-type":"","background-media":"","overlay-type":"","overlay-color":"","overlay-opacity":"","overlay-gradient":""}},"ast-content-background-meta":{"desktop":{"background-color":"var(--ast-global-color-5)","background-image":"","background-repeat":"repeat","background-position":"center center","background-size":"auto","background-attachment":"scroll","background-type":"","background-media":"","overlay-type":"","overlay-color":"","overlay-opacity":"","overlay-gradient":""},"tablet":{"background-color":"var(--ast-global-color-5)","background-image":"","background-repeat":"repeat","background-position":"center center","background-size":"auto","background-attachment":"scroll","background-type":"","background-media":"","overlay-type":"","overlay-color":"","overlay-opacity":"","overlay-gradient":""},"mobile":{"background-color":"var(--ast-global-color-5)","background-image":"","background-repeat":"repeat","background-position":"center center","background-size":"auto","background-attachment":"scroll","background-type":"","background-media":"","overlay-type":"","overlay-color":"","overlay-opacity":"","overlay-gradient":""}},"footnotes":""},"class_list":["post-909","page","type-page","status-publish","hentry"],"yoast_head":"<!-- This site is optimized with the Yoast SEO plugin v27.3 - https:\/\/yoast.com\/product\/yoast-seo-wordpress\/ -->\n<title>Qui\u00e9n soy - Harago<\/title>\n<meta name=\"description\" content=\"El coaching nos reencontr\u00f3 en nuestros caminos, mientras busc\u00e1bamos nuevas capas en la transformaci\u00f3n\" \/>\n<meta name=\"robots\" content=\"index, follow, max-snippet:-1, max-image-preview:large, max-video-preview:-1\" \/>\n<link rel=\"canonical\" href=\"https:\/\/harago.eus\/nor-gara\/\" \/>\n<meta property=\"og:locale\" content=\"es_ES\" \/>\n<meta property=\"og:type\" content=\"article\" \/>\n<meta property=\"og:title\" content=\"Qui\u00e9n soy - Harago\" \/>\n<meta property=\"og:description\" content=\"El coaching nos reencontr\u00f3 en nuestros caminos, mientras busc\u00e1bamos nuevas capas en la transformaci\u00f3n\" \/>\n<meta property=\"og:url\" content=\"https:\/\/harago.eus\/nor-gara\/\" \/>\n<meta property=\"og:site_name\" content=\"Harago\" \/>\n<meta property=\"article:modified_time\" content=\"2026-01-07T11:05:40+00:00\" \/>\n<meta property=\"og:image\" content=\"https:\/\/harago.eus\/wp-content\/uploads\/2021\/11\/Bizitza-erdigunean.jpg\" \/>\n\t<meta property=\"og:image:width\" content=\"1500\" \/>\n\t<meta property=\"og:image:height\" content=\"1000\" \/>\n\t<meta property=\"og:image:type\" content=\"image\/jpeg\" \/>\n<meta name=\"twitter:card\" content=\"summary_large_image\" \/>\n<meta name=\"twitter:label1\" content=\"Tiempo de lectura\" \/>\n\t<meta name=\"twitter:data1\" content=\"3 minutos\" \/>\n<script type=\"application\/ld+json\" class=\"yoast-schema-graph\">{\"@context\":\"https:\\\/\\\/schema.org\",\"@graph\":[{\"@type\":\"WebPage\",\"@id\":\"https:\\\/\\\/harago.eus\\\/nor-gara\\\/\",\"url\":\"https:\\\/\\\/harago.eus\\\/nor-gara\\\/\",\"name\":\"Qui\u00e9n soy - Harago\",\"isPartOf\":{\"@id\":\"https:\\\/\\\/harago.eus\\\/#website\"},\"primaryImageOfPage\":{\"@id\":\"https:\\\/\\\/harago.eus\\\/nor-gara\\\/#primaryimage\"},\"image\":{\"@id\":\"https:\\\/\\\/harago.eus\\\/nor-gara\\\/#primaryimage\"},\"thumbnailUrl\":\"https:\\\/\\\/harago.eus\\\/wp-content\\\/uploads\\\/2021\\\/11\\\/Bizitza-erdigunean-800x533.jpg\",\"datePublished\":\"2022-02-16T10:00:18+00:00\",\"dateModified\":\"2026-01-07T11:05:40+00:00\",\"description\":\"El coaching nos reencontr\u00f3 en nuestros caminos, mientras busc\u00e1bamos nuevas capas en la transformaci\u00f3n\",\"breadcrumb\":{\"@id\":\"https:\\\/\\\/harago.eus\\\/nor-gara\\\/#breadcrumb\"},\"inLanguage\":\"es\",\"potentialAction\":[{\"@type\":\"ReadAction\",\"target\":[\"https:\\\/\\\/harago.eus\\\/nor-gara\\\/\"]}]},{\"@type\":\"ImageObject\",\"inLanguage\":\"es\",\"@id\":\"https:\\\/\\\/harago.eus\\\/nor-gara\\\/#primaryimage\",\"url\":\"https:\\\/\\\/harago.eus\\\/wp-content\\\/uploads\\\/2021\\\/11\\\/Bizitza-erdigunean-800x533.jpg\",\"contentUrl\":\"https:\\\/\\\/harago.eus\\\/wp-content\\\/uploads\\\/2021\\\/11\\\/Bizitza-erdigunean-800x533.jpg\"},{\"@type\":\"BreadcrumbList\",\"@id\":\"https:\\\/\\\/harago.eus\\\/nor-gara\\\/#breadcrumb\",\"itemListElement\":[{\"@type\":\"ListItem\",\"position\":1,\"name\":\"Home\",\"item\":\"https:\\\/\\\/harago.eus\\\/\"},{\"@type\":\"ListItem\",\"position\":2,\"name\":\"Qui\u00e9n soy\"}]},{\"@type\":\"WebSite\",\"@id\":\"https:\\\/\\\/harago.eus\\\/#website\",\"url\":\"https:\\\/\\\/harago.eus\\\/\",\"name\":\"Harago\",\"description\":\"\",\"publisher\":{\"@id\":\"https:\\\/\\\/harago.eus\\\/#organization\"},\"potentialAction\":[{\"@type\":\"SearchAction\",\"target\":{\"@type\":\"EntryPoint\",\"urlTemplate\":\"https:\\\/\\\/harago.eus\\\/?s={search_term_string}\"},\"query-input\":{\"@type\":\"PropertyValueSpecification\",\"valueRequired\":true,\"valueName\":\"search_term_string\"}}],\"inLanguage\":\"es\"},{\"@type\":\"Organization\",\"@id\":\"https:\\\/\\\/harago.eus\\\/#organization\",\"name\":\"Harago\",\"url\":\"https:\\\/\\\/harago.eus\\\/\",\"logo\":{\"@type\":\"ImageObject\",\"inLanguage\":\"es\",\"@id\":\"https:\\\/\\\/harago.eus\\\/#\\\/schema\\\/logo\\\/image\\\/\",\"url\":\"https:\\\/\\\/harago.eus\\\/wp-content\\\/uploads\\\/2021\\\/11\\\/harago-logo-txuria.png\",\"contentUrl\":\"https:\\\/\\\/harago.eus\\\/wp-content\\\/uploads\\\/2021\\\/11\\\/harago-logo-txuria.png\",\"width\":842,\"height\":595,\"caption\":\"Harago\"},\"image\":{\"@id\":\"https:\\\/\\\/harago.eus\\\/#\\\/schema\\\/logo\\\/image\\\/\"}}]}<\/script>\n<!-- \/ Yoast SEO plugin. -->","yoast_head_json":{"title":"Qui\u00e9n soy - Harago","description":"El coaching nos reencontr\u00f3 en nuestros caminos, mientras busc\u00e1bamos nuevas capas en la transformaci\u00f3n","robots":{"index":"index","follow":"follow","max-snippet":"max-snippet:-1","max-image-preview":"max-image-preview:large","max-video-preview":"max-video-preview:-1"},"canonical":"https:\/\/harago.eus\/nor-gara\/","og_locale":"es_ES","og_type":"article","og_title":"Qui\u00e9n soy - Harago","og_description":"El coaching nos reencontr\u00f3 en nuestros caminos, mientras busc\u00e1bamos nuevas capas en la transformaci\u00f3n","og_url":"https:\/\/harago.eus\/nor-gara\/","og_site_name":"Harago","article_modified_time":"2026-01-07T11:05:40+00:00","og_image":[{"width":1500,"height":1000,"url":"https:\/\/harago.eus\/wp-content\/uploads\/2021\/11\/Bizitza-erdigunean.jpg","type":"image\/jpeg"}],"twitter_card":"summary_large_image","twitter_misc":{"Tiempo de lectura":"3 minutos"},"schema":{"@context":"https:\/\/schema.org","@graph":[{"@type":"WebPage","@id":"https:\/\/harago.eus\/nor-gara\/","url":"https:\/\/harago.eus\/nor-gara\/","name":"Qui\u00e9n soy - Harago","isPartOf":{"@id":"https:\/\/harago.eus\/#website"},"primaryImageOfPage":{"@id":"https:\/\/harago.eus\/nor-gara\/#primaryimage"},"image":{"@id":"https:\/\/harago.eus\/nor-gara\/#primaryimage"},"thumbnailUrl":"https:\/\/harago.eus\/wp-content\/uploads\/2021\/11\/Bizitza-erdigunean-800x533.jpg","datePublished":"2022-02-16T10:00:18+00:00","dateModified":"2026-01-07T11:05:40+00:00","description":"El coaching nos reencontr\u00f3 en nuestros caminos, mientras busc\u00e1bamos nuevas capas en la transformaci\u00f3n","breadcrumb":{"@id":"https:\/\/harago.eus\/nor-gara\/#breadcrumb"},"inLanguage":"es","potentialAction":[{"@type":"ReadAction","target":["https:\/\/harago.eus\/nor-gara\/"]}]},{"@type":"ImageObject","inLanguage":"es","@id":"https:\/\/harago.eus\/nor-gara\/#primaryimage","url":"https:\/\/harago.eus\/wp-content\/uploads\/2021\/11\/Bizitza-erdigunean-800x533.jpg","contentUrl":"https:\/\/harago.eus\/wp-content\/uploads\/2021\/11\/Bizitza-erdigunean-800x533.jpg"},{"@type":"BreadcrumbList","@id":"https:\/\/harago.eus\/nor-gara\/#breadcrumb","itemListElement":[{"@type":"ListItem","position":1,"name":"Home","item":"https:\/\/harago.eus\/"},{"@type":"ListItem","position":2,"name":"Qui\u00e9n soy"}]},{"@type":"WebSite","@id":"https:\/\/harago.eus\/#website","url":"https:\/\/harago.eus\/","name":"Harago","description":"","publisher":{"@id":"https:\/\/harago.eus\/#organization"},"potentialAction":[{"@type":"SearchAction","target":{"@type":"EntryPoint","urlTemplate":"https:\/\/harago.eus\/?s={search_term_string}"},"query-input":{"@type":"PropertyValueSpecification","valueRequired":true,"valueName":"search_term_string"}}],"inLanguage":"es"},{"@type":"Organization","@id":"https:\/\/harago.eus\/#organization","name":"Harago","url":"https:\/\/harago.eus\/","logo":{"@type":"ImageObject","inLanguage":"es","@id":"https:\/\/harago.eus\/#\/schema\/logo\/image\/","url":"https:\/\/harago.eus\/wp-content\/uploads\/2021\/11\/harago-logo-txuria.png","contentUrl":"https:\/\/harago.eus\/wp-content\/uploads\/2021\/11\/harago-logo-txuria.png","width":842,"height":595,"caption":"Harago"},"image":{"@id":"https:\/\/harago.eus\/#\/schema\/logo\/image\/"}}]}},"_links":{"self":[{"href":"https:\/\/harago.eus\/es\/wp-json\/wp\/v2\/pages\/909","targetHints":{"allow":["GET"]}}],"collection":[{"href":"https:\/\/harago.eus\/es\/wp-json\/wp\/v2\/pages"}],"about":[{"href":"https:\/\/harago.eus\/es\/wp-json\/wp\/v2\/types\/page"}],"author":[{"embeddable":true,"href":"https:\/\/harago.eus\/es\/wp-json\/wp\/v2\/users\/1"}],"replies":[{"embeddable":true,"href":"https:\/\/harago.eus\/es\/wp-json\/wp\/v2\/comments?post=909"}],"version-history":[{"count":21,"href":"https:\/\/harago.eus\/es\/wp-json\/wp\/v2\/pages\/909\/revisions"}],"predecessor-version":[{"id":1766,"href":"https:\/\/harago.eus\/es\/wp-json\/wp\/v2\/pages\/909\/revisions\/1766"}],"wp:attachment":[{"href":"https:\/\/harago.eus\/es\/wp-json\/wp\/v2\/media?parent=909"}],"curies":[{"name":"wp","href":"https:\/\/api.w.org\/{rel}","templated":true}]}}