{"id":972,"date":"2022-02-16T14:05:56","date_gmt":"2022-02-16T13:05:56","guid":{"rendered":"https:\/\/harago.eus\/?page_id=972"},"modified":"2022-02-21T14:43:31","modified_gmt":"2022-02-21T13:43:31","slug":"soy-rabia","status":"publish","type":"page","link":"https:\/\/harago.eus\/es\/soy-rabia\/","title":{"rendered":"Soy rabia"},"content":{"rendered":"\t\t<div data-elementor-type=\"wp-page\" data-elementor-id=\"972\" class=\"elementor elementor-972 elementor-790\" data-elementor-post-type=\"page\">\n\t\t\t\t\t\t<section class=\"elementor-section elementor-top-section elementor-element elementor-element-79d3ee86 elementor-section-full_width elementor-section-height-min-height elementor-section-height-default elementor-section-items-middle\" data-id=\"79d3ee86\" data-element_type=\"section\" data-e-type=\"section\">\n\t\t\t\t\t\t<div class=\"elementor-container elementor-column-gap-no\">\n\t\t\t\t\t<div class=\"elementor-column elementor-col-100 elementor-top-column elementor-element elementor-element-47415001\" data-id=\"47415001\" data-element_type=\"column\" data-e-type=\"column\">\n\t\t\t<div class=\"elementor-widget-wrap elementor-element-populated\">\n\t\t\t\t\t\t<div class=\"elementor-element elementor-element-5191fb81 elementor-widget elementor-widget-image\" data-id=\"5191fb81\" data-element_type=\"widget\" data-e-type=\"widget\" data-widget_type=\"image.default\">\n\t\t\t\t<div class=\"elementor-widget-container\">\n\t\t\t\t\t\t\t\t\t\t\t\t\t\t\t<img fetchpriority=\"high\" decoding=\"async\" width=\"1200\" height=\"800\" src=\"https:\/\/harago.eus\/wp-content\/uploads\/2022\/01\/Amorrua-1200x800.jpg\" class=\"attachment-large size-large wp-image-571\" alt=\"\" srcset=\"https:\/\/harago.eus\/wp-content\/uploads\/2022\/01\/Amorrua-1200x800.jpg 1200w, https:\/\/harago.eus\/wp-content\/uploads\/2022\/01\/Amorrua-800x533.jpg 800w, https:\/\/harago.eus\/wp-content\/uploads\/2022\/01\/Amorrua-768x512.jpg 768w, https:\/\/harago.eus\/wp-content\/uploads\/2022\/01\/Amorrua.jpg 1500w\" sizes=\"(max-width: 1200px) 100vw, 1200px\" \/>\t\t\t\t\t\t\t\t\t\t\t\t\t\t\t<\/div>\n\t\t\t\t<\/div>\n\t\t\t\t<section class=\"elementor-section elementor-inner-section elementor-element elementor-element-65611be1 elementor-section-boxed elementor-section-height-default elementor-section-height-default\" data-id=\"65611be1\" data-element_type=\"section\" data-e-type=\"section\">\n\t\t\t\t\t\t<div class=\"elementor-container elementor-column-gap-default\">\n\t\t\t\t\t<div class=\"elementor-column elementor-col-50 elementor-inner-column elementor-element elementor-element-32aaf6bd\" data-id=\"32aaf6bd\" data-element_type=\"column\" data-e-type=\"column\">\n\t\t\t<div class=\"elementor-widget-wrap elementor-element-populated\">\n\t\t\t\t\t\t<div class=\"elementor-element elementor-element-3fe71b1a elementor-widget elementor-widget-heading\" data-id=\"3fe71b1a\" data-element_type=\"widget\" data-e-type=\"widget\" data-widget_type=\"heading.default\">\n\t\t\t\t<div class=\"elementor-widget-container\">\n\t\t\t\t\t<h2 class=\"elementor-heading-title elementor-size-default\">Soy <br>rabia<\/h2>\t\t\t\t<\/div>\n\t\t\t\t<\/div>\n\t\t\t\t<div class=\"elementor-element elementor-element-6425a30e elementor-widget elementor-widget-text-editor\" data-id=\"6425a30e\" data-element_type=\"widget\" data-e-type=\"widget\" data-widget_type=\"text-editor.default\">\n\t\t\t\t<div class=\"elementor-widget-container\">\n\t\t\t\t\t\t\t\t\tUn camino de empoderamiento emocional  \t\t\t\t\t\t\t\t<\/div>\n\t\t\t\t<\/div>\n\t\t\t\t\t<\/div>\n\t\t<\/div>\n\t\t\t\t<div class=\"elementor-column elementor-col-50 elementor-inner-column elementor-element elementor-element-65192ba0\" data-id=\"65192ba0\" data-element_type=\"column\" data-e-type=\"column\">\n\t\t\t<div class=\"elementor-widget-wrap elementor-element-populated\">\n\t\t\t\t\t\t<div class=\"elementor-element elementor-element-676516b9 elementor-widget elementor-widget-text-editor\" data-id=\"676516b9\" data-element_type=\"widget\" data-e-type=\"widget\" data-widget_type=\"text-editor.default\">\n\t\t\t\t<div class=\"elementor-widget-container\">\n\t\t\t\t\t\t\t\t\t<p><strong>Objetivo: <\/strong>Distinguir las creencias limitantes relacionadas con la rabia y superarlas desde la vivencia, reconocer el valor de las emociones.<\/p><p><strong>Visi\u00f3n: <\/strong>La conciencia emocional puede ayudarnos a ampliar nuestro campo de poder y capacidad, encontrando nuevas conexiones con la rabia (y lo emocional) desde el cuerpo, el movimiento y la mente.<\/p><p><strong>Dirigido a: <\/strong>Mujeres que buscan m\u00e1s confianza en s\u00ed mismas, que persiguen nuevas maneras de estar en el mundo, que quieren ser m\u00e1s libres.<\/p><p><strong>Metodolog\u00eda: <\/strong>Talleres te\u00f3rico-pr\u00e1cticos, para aprender desde la vivencia. 12 horas en grupo, y herramientas para el desarrollo personal.<\/p>\t\t\t\t\t\t\t\t<\/div>\n\t\t\t\t<\/div>\n\t\t\t\t\t<\/div>\n\t\t<\/div>\n\t\t\t\t\t<\/div>\n\t\t<\/section>\n\t\t\t\t<section class=\"elementor-section elementor-inner-section elementor-element elementor-element-73729701 elementor-section-boxed elementor-section-height-default elementor-section-height-default\" data-id=\"73729701\" data-element_type=\"section\" data-e-type=\"section\">\n\t\t\t\t\t\t<div class=\"elementor-container elementor-column-gap-default\">\n\t\t\t\t\t<div class=\"elementor-column elementor-col-100 elementor-inner-column elementor-element elementor-element-4adefbe9\" data-id=\"4adefbe9\" data-element_type=\"column\" data-e-type=\"column\">\n\t\t\t<div class=\"elementor-widget-wrap elementor-element-populated\">\n\t\t\t\t\t\t<div class=\"elementor-element elementor-element-780386c2 elementor-widget elementor-widget-heading\" data-id=\"780386c2\" data-element_type=\"widget\" data-e-type=\"widget\" data-widget_type=\"heading.default\">\n\t\t\t\t<div class=\"elementor-widget-container\">\n\t\t\t\t\t<h2 class=\"elementor-heading-title elementor-size-default\">Contenidos:<\/h2>\t\t\t\t<\/div>\n\t\t\t\t<\/div>\n\t\t\t\t\t<\/div>\n\t\t<\/div>\n\t\t\t\t\t<\/div>\n\t\t<\/section>\n\t\t\t\t\t<\/div>\n\t\t<\/div>\n\t\t\t\t\t<\/div>\n\t\t<\/section>\n\t\t\t\t<section class=\"elementor-section elementor-top-section elementor-element elementor-element-d328d2e elementor-section-boxed elementor-section-height-default elementor-section-height-default\" data-id=\"d328d2e\" data-element_type=\"section\" data-e-type=\"section\">\n\t\t\t\t\t\t<div class=\"elementor-container elementor-column-gap-default\">\n\t\t\t\t\t<div class=\"elementor-column elementor-col-33 elementor-top-column elementor-element elementor-element-b32dc1b\" data-id=\"b32dc1b\" data-element_type=\"column\" data-e-type=\"column\">\n\t\t\t<div class=\"elementor-widget-wrap elementor-element-populated\">\n\t\t\t\t\t\t<div class=\"elementor-element elementor-element-80c06bc elementor-widget elementor-widget-text-editor\" data-id=\"80c06bc\" data-element_type=\"widget\" data-e-type=\"widget\" data-widget_type=\"text-editor.default\">\n\t\t\t\t<div class=\"elementor-widget-container\">\n\t\t\t\t\t\t\t\t\t<p><strong>Limitaciones de un modelo imperante<\/strong><\/p><ul><li>Historia personal y creaci\u00f3n de mis personajes: cu\u00e1ntas mujeres soy?<\/li><li>Creencias limitantes que cierran en camino a la rabia<\/li><li>Reconocer la mirada de externa y propia, y su sombra<\/li><\/ul>\t\t\t\t\t\t\t\t<\/div>\n\t\t\t\t<\/div>\n\t\t\t\t\t<\/div>\n\t\t<\/div>\n\t\t\t\t<div class=\"elementor-column elementor-col-33 elementor-top-column elementor-element elementor-element-10236e1\" data-id=\"10236e1\" data-element_type=\"column\" data-e-type=\"column\">\n\t\t\t<div class=\"elementor-widget-wrap elementor-element-populated\">\n\t\t\t\t\t\t<div class=\"elementor-element elementor-element-7e46b91 elementor-widget elementor-widget-text-editor\" data-id=\"7e46b91\" data-element_type=\"widget\" data-e-type=\"widget\" data-widget_type=\"text-editor.default\">\n\t\t\t\t<div class=\"elementor-widget-container\">\n\t\t\t\t\t\t\t\t\t<p><strong>V\u00edas de rabia y emoci\u00f3n<\/strong><\/p><ul><li>Auto conocimiento y desarrollo personal: mi valor, mis valores<\/li><li>El poder transformador del lenguaje: motores<\/li><li>Deconstruir esquemas mentales desde la vivencia: el valor de la guerrera<\/li><li>Las emociones como \u00e1mbito de empoderamiento: la rabia como motor<\/li><\/ul>\t\t\t\t\t\t\t\t<\/div>\n\t\t\t\t<\/div>\n\t\t\t\t\t<\/div>\n\t\t<\/div>\n\t\t\t\t<div class=\"elementor-column elementor-col-33 elementor-top-column elementor-element elementor-element-4094a03\" data-id=\"4094a03\" data-element_type=\"column\" data-e-type=\"column\">\n\t\t\t<div class=\"elementor-widget-wrap elementor-element-populated\">\n\t\t\t\t\t\t<div class=\"elementor-element elementor-element-a163b26 elementor-widget elementor-widget-text-editor\" data-id=\"a163b26\" data-element_type=\"widget\" data-e-type=\"widget\" data-widget_type=\"text-editor.default\">\n\t\t\t\t<div class=\"elementor-widget-container\">\n\t\t\t\t\t\t\t\t\t<p><strong>Cuerpo y movimiento<\/strong><\/p><ul><li>Buscando nuestro fuego<\/li><li>De la tierra de los l\u00edmites a la tierra de expansi\u00f3n<\/li><li>Re-conocer mi br\u00fajula: conciencia plena, movimiento, creatividad<\/li><\/ul>\t\t\t\t\t\t\t\t<\/div>\n\t\t\t\t<\/div>\n\t\t\t\t\t<\/div>\n\t\t<\/div>\n\t\t\t\t\t<\/div>\n\t\t<\/section>\n\t\t\t\t<\/div>\n\t\t","protected":false},"excerpt":{"rendered":"<p>Soy rabia Un camino de empoderamiento emocional Objetivo: Distinguir las creencias limitantes relacionadas con la rabia y superarlas desde la vivencia, reconocer el valor de las emociones. Visi\u00f3n: La conciencia emocional puede ayudarnos a ampliar nuestro campo de poder y capacidad, encontrando nuevas conexiones con la rabia (y lo emocional) desde el cuerpo, el movimiento [&hellip;]<\/p>\n","protected":false},"author":1,"featured_media":0,"parent":0,"menu_order":0,"comment_status":"closed","ping_status":"closed","template":"","meta":{"site-sidebar-layout":"no-sidebar","site-content-layout":"page-builder","ast-site-content-layout":"default","site-content-style":"default","site-sidebar-style":"default","ast-global-header-display":"","ast-banner-title-visibility":"","ast-main-header-display":"","ast-hfb-above-header-display":"","ast-hfb-below-header-display":"","ast-hfb-mobile-header-display":"","site-post-title":"disabled","ast-breadcrumbs-content":"","ast-featured-img":"disabled","footer-sml-layout":"","ast-disable-related-posts":"","theme-transparent-header-meta":"default","adv-header-id-meta":"","stick-header-meta":"default","header-above-stick-meta":"","header-main-stick-meta":"","header-below-stick-meta":"","astra-migrate-meta-layouts":"default","ast-page-background-enabled":"default","ast-page-background-meta":{"desktop":{"background-color":"var(--ast-global-color-4)","background-image":"","background-repeat":"repeat","background-position":"center center","background-size":"auto","background-attachment":"scroll","background-type":"","background-media":"","overlay-type":"","overlay-color":"","overlay-opacity":"","overlay-gradient":""},"tablet":{"background-color":"","background-image":"","background-repeat":"repeat","background-position":"center center","background-size":"auto","background-attachment":"scroll","background-type":"","background-media":"","overlay-type":"","overlay-color":"","overlay-opacity":"","overlay-gradient":""},"mobile":{"background-color":"","background-image":"","background-repeat":"repeat","background-position":"center center","background-size":"auto","background-attachment":"scroll","background-type":"","background-media":"","overlay-type":"","overlay-color":"","overlay-opacity":"","overlay-gradient":""}},"ast-content-background-meta":{"desktop":{"background-color":"var(--ast-global-color-5)","background-image":"","background-repeat":"repeat","background-position":"center center","background-size":"auto","background-attachment":"scroll","background-type":"","background-media":"","overlay-type":"","overlay-color":"","overlay-opacity":"","overlay-gradient":""},"tablet":{"background-color":"var(--ast-global-color-5)","background-image":"","background-repeat":"repeat","background-position":"center center","background-size":"auto","background-attachment":"scroll","background-type":"","background-media":"","overlay-type":"","overlay-color":"","overlay-opacity":"","overlay-gradient":""},"mobile":{"background-color":"var(--ast-global-color-5)","background-image":"","background-repeat":"repeat","background-position":"center center","background-size":"auto","background-attachment":"scroll","background-type":"","background-media":"","overlay-type":"","overlay-color":"","overlay-opacity":"","overlay-gradient":""}},"footnotes":""},"class_list":["post-972","page","type-page","status-publish","hentry"],"yoast_head":"<!-- This site is optimized with the Yoast SEO plugin v27.3 - https:\/\/yoast.com\/product\/yoast-seo-wordpress\/ -->\n<title>Soy rabia - Harago<\/title>\n<meta name=\"description\" content=\"Distinguir las creencias limitantes relacionadas con la rabia y superarlas desde la vivencia, reconocer el valor de las emociones\" \/>\n<meta name=\"robots\" content=\"index, follow, max-snippet:-1, max-image-preview:large, max-video-preview:-1\" \/>\n<link rel=\"canonical\" href=\"https:\/\/harago.eus\/es\/soy-rabia\/\" \/>\n<meta property=\"og:locale\" content=\"es_ES\" \/>\n<meta property=\"og:type\" content=\"article\" \/>\n<meta property=\"og:title\" content=\"Soy rabia - Harago\" \/>\n<meta property=\"og:description\" content=\"Distinguir las creencias limitantes relacionadas con la rabia y superarlas desde la vivencia, reconocer el valor de las emociones\" \/>\n<meta property=\"og:url\" content=\"https:\/\/harago.eus\/es\/soy-rabia\/\" \/>\n<meta property=\"og:site_name\" content=\"Harago\" \/>\n<meta property=\"article:modified_time\" content=\"2022-02-21T13:43:31+00:00\" \/>\n<meta property=\"og:image\" content=\"https:\/\/harago.eus\/wp-content\/uploads\/2022\/01\/Amorrua-1200x800.jpg\" \/>\n<meta name=\"twitter:card\" content=\"summary_large_image\" \/>\n<meta name=\"twitter:label1\" content=\"Tiempo de lectura\" \/>\n\t<meta name=\"twitter:data1\" content=\"2 minutos\" \/>\n<script type=\"application\/ld+json\" class=\"yoast-schema-graph\">{\"@context\":\"https:\\\/\\\/schema.org\",\"@graph\":[{\"@type\":\"WebPage\",\"@id\":\"https:\\\/\\\/harago.eus\\\/es\\\/soy-rabia\\\/\",\"url\":\"https:\\\/\\\/harago.eus\\\/es\\\/soy-rabia\\\/\",\"name\":\"Soy rabia - Harago\",\"isPartOf\":{\"@id\":\"https:\\\/\\\/harago.eus\\\/#website\"},\"primaryImageOfPage\":{\"@id\":\"https:\\\/\\\/harago.eus\\\/es\\\/soy-rabia\\\/#primaryimage\"},\"image\":{\"@id\":\"https:\\\/\\\/harago.eus\\\/es\\\/soy-rabia\\\/#primaryimage\"},\"thumbnailUrl\":\"https:\\\/\\\/harago.eus\\\/wp-content\\\/uploads\\\/2022\\\/01\\\/Amorrua-1200x800.jpg\",\"datePublished\":\"2022-02-16T13:05:56+00:00\",\"dateModified\":\"2022-02-21T13:43:31+00:00\",\"description\":\"Distinguir las creencias limitantes relacionadas con la rabia y superarlas desde la vivencia, reconocer el valor de las emociones\",\"breadcrumb\":{\"@id\":\"https:\\\/\\\/harago.eus\\\/es\\\/soy-rabia\\\/#breadcrumb\"},\"inLanguage\":\"es\",\"potentialAction\":[{\"@type\":\"ReadAction\",\"target\":[\"https:\\\/\\\/harago.eus\\\/es\\\/soy-rabia\\\/\"]}]},{\"@type\":\"ImageObject\",\"inLanguage\":\"es\",\"@id\":\"https:\\\/\\\/harago.eus\\\/es\\\/soy-rabia\\\/#primaryimage\",\"url\":\"https:\\\/\\\/harago.eus\\\/wp-content\\\/uploads\\\/2022\\\/01\\\/Amorrua-1200x800.jpg\",\"contentUrl\":\"https:\\\/\\\/harago.eus\\\/wp-content\\\/uploads\\\/2022\\\/01\\\/Amorrua-1200x800.jpg\"},{\"@type\":\"BreadcrumbList\",\"@id\":\"https:\\\/\\\/harago.eus\\\/es\\\/soy-rabia\\\/#breadcrumb\",\"itemListElement\":[{\"@type\":\"ListItem\",\"position\":1,\"name\":\"Home\",\"item\":\"https:\\\/\\\/harago.eus\\\/\"},{\"@type\":\"ListItem\",\"position\":2,\"name\":\"Soy rabia\"}]},{\"@type\":\"WebSite\",\"@id\":\"https:\\\/\\\/harago.eus\\\/#website\",\"url\":\"https:\\\/\\\/harago.eus\\\/\",\"name\":\"Harago\",\"description\":\"\",\"publisher\":{\"@id\":\"https:\\\/\\\/harago.eus\\\/#organization\"},\"potentialAction\":[{\"@type\":\"SearchAction\",\"target\":{\"@type\":\"EntryPoint\",\"urlTemplate\":\"https:\\\/\\\/harago.eus\\\/?s={search_term_string}\"},\"query-input\":{\"@type\":\"PropertyValueSpecification\",\"valueRequired\":true,\"valueName\":\"search_term_string\"}}],\"inLanguage\":\"es\"},{\"@type\":\"Organization\",\"@id\":\"https:\\\/\\\/harago.eus\\\/#organization\",\"name\":\"Harago\",\"url\":\"https:\\\/\\\/harago.eus\\\/\",\"logo\":{\"@type\":\"ImageObject\",\"inLanguage\":\"es\",\"@id\":\"https:\\\/\\\/harago.eus\\\/#\\\/schema\\\/logo\\\/image\\\/\",\"url\":\"https:\\\/\\\/harago.eus\\\/wp-content\\\/uploads\\\/2021\\\/11\\\/harago-logo-txuria.png\",\"contentUrl\":\"https:\\\/\\\/harago.eus\\\/wp-content\\\/uploads\\\/2021\\\/11\\\/harago-logo-txuria.png\",\"width\":842,\"height\":595,\"caption\":\"Harago\"},\"image\":{\"@id\":\"https:\\\/\\\/harago.eus\\\/#\\\/schema\\\/logo\\\/image\\\/\"}}]}<\/script>\n<!-- \/ Yoast SEO plugin. -->","yoast_head_json":{"title":"Soy rabia - Harago","description":"Distinguir las creencias limitantes relacionadas con la rabia y superarlas desde la vivencia, reconocer el valor de las emociones","robots":{"index":"index","follow":"follow","max-snippet":"max-snippet:-1","max-image-preview":"max-image-preview:large","max-video-preview":"max-video-preview:-1"},"canonical":"https:\/\/harago.eus\/es\/soy-rabia\/","og_locale":"es_ES","og_type":"article","og_title":"Soy rabia - Harago","og_description":"Distinguir las creencias limitantes relacionadas con la rabia y superarlas desde la vivencia, reconocer el valor de las emociones","og_url":"https:\/\/harago.eus\/es\/soy-rabia\/","og_site_name":"Harago","article_modified_time":"2022-02-21T13:43:31+00:00","og_image":[{"url":"https:\/\/harago.eus\/wp-content\/uploads\/2022\/01\/Amorrua-1200x800.jpg","type":"","width":"","height":""}],"twitter_card":"summary_large_image","twitter_misc":{"Tiempo de lectura":"2 minutos"},"schema":{"@context":"https:\/\/schema.org","@graph":[{"@type":"WebPage","@id":"https:\/\/harago.eus\/es\/soy-rabia\/","url":"https:\/\/harago.eus\/es\/soy-rabia\/","name":"Soy rabia - Harago","isPartOf":{"@id":"https:\/\/harago.eus\/#website"},"primaryImageOfPage":{"@id":"https:\/\/harago.eus\/es\/soy-rabia\/#primaryimage"},"image":{"@id":"https:\/\/harago.eus\/es\/soy-rabia\/#primaryimage"},"thumbnailUrl":"https:\/\/harago.eus\/wp-content\/uploads\/2022\/01\/Amorrua-1200x800.jpg","datePublished":"2022-02-16T13:05:56+00:00","dateModified":"2022-02-21T13:43:31+00:00","description":"Distinguir las creencias limitantes relacionadas con la rabia y superarlas desde la vivencia, reconocer el valor de las emociones","breadcrumb":{"@id":"https:\/\/harago.eus\/es\/soy-rabia\/#breadcrumb"},"inLanguage":"es","potentialAction":[{"@type":"ReadAction","target":["https:\/\/harago.eus\/es\/soy-rabia\/"]}]},{"@type":"ImageObject","inLanguage":"es","@id":"https:\/\/harago.eus\/es\/soy-rabia\/#primaryimage","url":"https:\/\/harago.eus\/wp-content\/uploads\/2022\/01\/Amorrua-1200x800.jpg","contentUrl":"https:\/\/harago.eus\/wp-content\/uploads\/2022\/01\/Amorrua-1200x800.jpg"},{"@type":"BreadcrumbList","@id":"https:\/\/harago.eus\/es\/soy-rabia\/#breadcrumb","itemListElement":[{"@type":"ListItem","position":1,"name":"Home","item":"https:\/\/harago.eus\/"},{"@type":"ListItem","position":2,"name":"Soy rabia"}]},{"@type":"WebSite","@id":"https:\/\/harago.eus\/#website","url":"https:\/\/harago.eus\/","name":"Harago","description":"","publisher":{"@id":"https:\/\/harago.eus\/#organization"},"potentialAction":[{"@type":"SearchAction","target":{"@type":"EntryPoint","urlTemplate":"https:\/\/harago.eus\/?s={search_term_string}"},"query-input":{"@type":"PropertyValueSpecification","valueRequired":true,"valueName":"search_term_string"}}],"inLanguage":"es"},{"@type":"Organization","@id":"https:\/\/harago.eus\/#organization","name":"Harago","url":"https:\/\/harago.eus\/","logo":{"@type":"ImageObject","inLanguage":"es","@id":"https:\/\/harago.eus\/#\/schema\/logo\/image\/","url":"https:\/\/harago.eus\/wp-content\/uploads\/2021\/11\/harago-logo-txuria.png","contentUrl":"https:\/\/harago.eus\/wp-content\/uploads\/2021\/11\/harago-logo-txuria.png","width":842,"height":595,"caption":"Harago"},"image":{"@id":"https:\/\/harago.eus\/#\/schema\/logo\/image\/"}}]}},"_links":{"self":[{"href":"https:\/\/harago.eus\/es\/wp-json\/wp\/v2\/pages\/972","targetHints":{"allow":["GET"]}}],"collection":[{"href":"https:\/\/harago.eus\/es\/wp-json\/wp\/v2\/pages"}],"about":[{"href":"https:\/\/harago.eus\/es\/wp-json\/wp\/v2\/types\/page"}],"author":[{"embeddable":true,"href":"https:\/\/harago.eus\/es\/wp-json\/wp\/v2\/users\/1"}],"replies":[{"embeddable":true,"href":"https:\/\/harago.eus\/es\/wp-json\/wp\/v2\/comments?post=972"}],"version-history":[{"count":5,"href":"https:\/\/harago.eus\/es\/wp-json\/wp\/v2\/pages\/972\/revisions"}],"predecessor-version":[{"id":1134,"href":"https:\/\/harago.eus\/es\/wp-json\/wp\/v2\/pages\/972\/revisions\/1134"}],"wp:attachment":[{"href":"https:\/\/harago.eus\/es\/wp-json\/wp\/v2\/media?parent=972"}],"curies":[{"name":"wp","href":"https:\/\/api.w.org\/{rel}","templated":true}]}}