{"id":978,"date":"2022-02-16T14:17:01","date_gmt":"2022-02-16T13:17:01","guid":{"rendered":"https:\/\/harago.eus\/?page_id=978"},"modified":"2022-02-21T14:44:45","modified_gmt":"2022-02-21T13:44:45","slug":"somos-valiosas","status":"publish","type":"page","link":"https:\/\/harago.eus\/es\/somos-valiosas\/","title":{"rendered":"Somos valiosas"},"content":{"rendered":"\t\t<div data-elementor-type=\"wp-page\" data-elementor-id=\"978\" class=\"elementor elementor-978 elementor-825\" data-elementor-post-type=\"page\">\n\t\t\t\t\t\t<section class=\"elementor-section elementor-top-section elementor-element elementor-element-18e68472 elementor-section-full_width elementor-section-height-min-height elementor-section-height-default elementor-section-items-middle\" data-id=\"18e68472\" data-element_type=\"section\" data-e-type=\"section\">\n\t\t\t\t\t\t<div class=\"elementor-container elementor-column-gap-no\">\n\t\t\t\t\t<div class=\"elementor-column elementor-col-100 elementor-top-column elementor-element elementor-element-76d93412\" data-id=\"76d93412\" data-element_type=\"column\" data-e-type=\"column\">\n\t\t\t<div class=\"elementor-widget-wrap elementor-element-populated\">\n\t\t\t\t\t\t<div class=\"elementor-element elementor-element-2da80ecc elementor-widget elementor-widget-image\" data-id=\"2da80ecc\" data-element_type=\"widget\" data-e-type=\"widget\" data-widget_type=\"image.default\">\n\t\t\t\t<div class=\"elementor-widget-container\">\n\t\t\t\t\t\t\t\t\t\t\t\t\t\t\t<img fetchpriority=\"high\" decoding=\"async\" width=\"1200\" height=\"800\" src=\"https:\/\/harago.eus\/wp-content\/uploads\/2022\/01\/BALIOTSUAK-GARA-1-1200x800.jpg\" class=\"attachment-large size-large wp-image-592\" alt=\"\" srcset=\"https:\/\/harago.eus\/wp-content\/uploads\/2022\/01\/BALIOTSUAK-GARA-1-1200x800.jpg 1200w, https:\/\/harago.eus\/wp-content\/uploads\/2022\/01\/BALIOTSUAK-GARA-1-800x533.jpg 800w, https:\/\/harago.eus\/wp-content\/uploads\/2022\/01\/BALIOTSUAK-GARA-1-768x512.jpg 768w, https:\/\/harago.eus\/wp-content\/uploads\/2022\/01\/BALIOTSUAK-GARA-1.jpg 1500w\" sizes=\"(max-width: 1200px) 100vw, 1200px\" \/>\t\t\t\t\t\t\t\t\t\t\t\t\t\t\t<\/div>\n\t\t\t\t<\/div>\n\t\t\t\t<section class=\"elementor-section elementor-inner-section elementor-element elementor-element-2a12f1a elementor-section-boxed elementor-section-height-default elementor-section-height-default\" data-id=\"2a12f1a\" data-element_type=\"section\" data-e-type=\"section\">\n\t\t\t\t\t\t<div class=\"elementor-container elementor-column-gap-default\">\n\t\t\t\t\t<div class=\"elementor-column elementor-col-50 elementor-inner-column elementor-element elementor-element-f12bae5\" data-id=\"f12bae5\" data-element_type=\"column\" data-e-type=\"column\">\n\t\t\t<div class=\"elementor-widget-wrap elementor-element-populated\">\n\t\t\t\t\t\t<div class=\"elementor-element elementor-element-d2ebc8a elementor-widget elementor-widget-heading\" data-id=\"d2ebc8a\" data-element_type=\"widget\" data-e-type=\"widget\" data-widget_type=\"heading.default\">\n\t\t\t\t<div class=\"elementor-widget-container\">\n\t\t\t\t\t<h2 class=\"elementor-heading-title elementor-size-default\">Somos <br>valiosas <\/h2>\t\t\t\t<\/div>\n\t\t\t\t<\/div>\n\t\t\t\t<div class=\"elementor-element elementor-element-8b2fabe elementor-widget elementor-widget-text-editor\" data-id=\"8b2fabe\" data-element_type=\"widget\" data-e-type=\"widget\" data-widget_type=\"text-editor.default\">\n\t\t\t\t<div class=\"elementor-widget-container\">\n\t\t\t\t\t\t\t\t\t<p>Descubrir y reconocer lo que aporta cada persona<\/p>\t\t\t\t\t\t\t\t<\/div>\n\t\t\t\t<\/div>\n\t\t\t\t\t<\/div>\n\t\t<\/div>\n\t\t\t\t<div class=\"elementor-column elementor-col-50 elementor-inner-column elementor-element elementor-element-1e4d632\" data-id=\"1e4d632\" data-element_type=\"column\" data-e-type=\"column\">\n\t\t\t<div class=\"elementor-widget-wrap elementor-element-populated\">\n\t\t\t\t\t\t<div class=\"elementor-element elementor-element-5f8392b elementor-widget elementor-widget-text-editor\" data-id=\"5f8392b\" data-element_type=\"widget\" data-e-type=\"widget\" data-widget_type=\"text-editor.default\">\n\t\t\t\t<div class=\"elementor-widget-container\">\n\t\t\t\t\t\t\t\t\t<p><strong>Objetivo:<\/strong> Identificar y reconocer la aportaci\u00f3n de cada persona integrante, brindando la oportunidad de que el grupo pueda reconocerlo y agradecerlo.<\/p><p><strong>Visi\u00f3n: <\/strong>Pondremos la mirada en la contribuci\u00f3n de las personas y en los roles que se establecen dentro del equipo. \u00bfCu\u00e1l crees que es el tuyo? \u00bfQu\u00e9 rol te atribuyen los dem\u00e1s? \u00bfQu\u00e9 fortaleza detect\u00e1is? \u00bfCu\u00e1les son las necesidades?<br \/>Una buena ocasi\u00f3n para reconocer la labor de cada persona y su aportaci\u00f3n al conjunto del equipo.<br \/>Experimentar y entender la importancia de cada rol permite ver y comprender el grupo en toda su magnitud. Para eso es necesario corregir nuestra anterior perspectiva, valorando a nuestras compa\u00f1eras y compa\u00f1eros de trabajo desde otra \u00f3ptica.<\/p><p><strong>Dirigido a: <\/strong>Aquellos grupos que quieran habilitar un espacio para reconocer y agradecer la aportacion de cada una de las personas que lo integran, al tiempo que desarrollan una perspectiva de equipo m\u00e1s profunda. \u00bfQu\u00e9 roles tienen m\u00e1s fuerza y cu\u00e1les necesitan reforzarse?<\/p><p><strong>Metodolog\u00eda: <\/strong>Taller experiencia de 4 horas. Din\u00e1mica y reflexi\u00f3n.<\/p><p>.<\/p>\t\t\t\t\t\t\t\t<\/div>\n\t\t\t\t<\/div>\n\t\t\t\t\t<\/div>\n\t\t<\/div>\n\t\t\t\t\t<\/div>\n\t\t<\/section>\n\t\t\t\t\t<\/div>\n\t\t<\/div>\n\t\t\t\t\t<\/div>\n\t\t<\/section>\n\t\t\t\t<\/div>\n\t\t","protected":false},"excerpt":{"rendered":"<p>Somos valiosas Descubrir y reconocer lo que aporta cada persona Objetivo: Identificar y reconocer la aportaci\u00f3n de cada persona integrante, brindando la oportunidad de que el grupo pueda reconocerlo y agradecerlo. Visi\u00f3n: Pondremos la mirada en la contribuci\u00f3n de las personas y en los roles que se establecen dentro del equipo. \u00bfCu\u00e1l crees que es [&hellip;]<\/p>\n","protected":false},"author":1,"featured_media":0,"parent":0,"menu_order":0,"comment_status":"closed","ping_status":"closed","template":"","meta":{"site-sidebar-layout":"no-sidebar","site-content-layout":"page-builder","ast-site-content-layout":"default","site-content-style":"default","site-sidebar-style":"default","ast-global-header-display":"","ast-banner-title-visibility":"","ast-main-header-display":"","ast-hfb-above-header-display":"","ast-hfb-below-header-display":"","ast-hfb-mobile-header-display":"","site-post-title":"disabled","ast-breadcrumbs-content":"","ast-featured-img":"disabled","footer-sml-layout":"","ast-disable-related-posts":"","theme-transparent-header-meta":"default","adv-header-id-meta":"","stick-header-meta":"default","header-above-stick-meta":"","header-main-stick-meta":"","header-below-stick-meta":"","astra-migrate-meta-layouts":"default","ast-page-background-enabled":"default","ast-page-background-meta":{"desktop":{"background-color":"var(--ast-global-color-4)","background-image":"","background-repeat":"repeat","background-position":"center center","background-size":"auto","background-attachment":"scroll","background-type":"","background-media":"","overlay-type":"","overlay-color":"","overlay-opacity":"","overlay-gradient":""},"tablet":{"background-color":"","background-image":"","background-repeat":"repeat","background-position":"center center","background-size":"auto","background-attachment":"scroll","background-type":"","background-media":"","overlay-type":"","overlay-color":"","overlay-opacity":"","overlay-gradient":""},"mobile":{"background-color":"","background-image":"","background-repeat":"repeat","background-position":"center center","background-size":"auto","background-attachment":"scroll","background-type":"","background-media":"","overlay-type":"","overlay-color":"","overlay-opacity":"","overlay-gradient":""}},"ast-content-background-meta":{"desktop":{"background-color":"var(--ast-global-color-5)","background-image":"","background-repeat":"repeat","background-position":"center center","background-size":"auto","background-attachment":"scroll","background-type":"","background-media":"","overlay-type":"","overlay-color":"","overlay-opacity":"","overlay-gradient":""},"tablet":{"background-color":"var(--ast-global-color-5)","background-image":"","background-repeat":"repeat","background-position":"center center","background-size":"auto","background-attachment":"scroll","background-type":"","background-media":"","overlay-type":"","overlay-color":"","overlay-opacity":"","overlay-gradient":""},"mobile":{"background-color":"var(--ast-global-color-5)","background-image":"","background-repeat":"repeat","background-position":"center center","background-size":"auto","background-attachment":"scroll","background-type":"","background-media":"","overlay-type":"","overlay-color":"","overlay-opacity":"","overlay-gradient":""}},"footnotes":""},"class_list":["post-978","page","type-page","status-publish","hentry"],"yoast_head":"<!-- This site is optimized with the Yoast SEO plugin v27.3 - https:\/\/yoast.com\/product\/yoast-seo-wordpress\/ -->\n<title>Somos valiosas - Harago<\/title>\n<meta name=\"description\" content=\"Identificar y reconocer la aportaci\u00f3n de cada persona integrante, brindando la oportunidad de que el grupo pueda reconocerlo y agradecerlo\" \/>\n<meta name=\"robots\" content=\"index, follow, max-snippet:-1, max-image-preview:large, max-video-preview:-1\" \/>\n<link rel=\"canonical\" href=\"https:\/\/harago.eus\/es\/somos-valiosas\/\" \/>\n<meta property=\"og:locale\" content=\"es_ES\" \/>\n<meta property=\"og:type\" content=\"article\" \/>\n<meta property=\"og:title\" content=\"Somos valiosas - Harago\" \/>\n<meta property=\"og:description\" content=\"Identificar y reconocer la aportaci\u00f3n de cada persona integrante, brindando la oportunidad de que el grupo pueda reconocerlo y agradecerlo\" \/>\n<meta property=\"og:url\" content=\"https:\/\/harago.eus\/es\/somos-valiosas\/\" \/>\n<meta property=\"og:site_name\" content=\"Harago\" \/>\n<meta property=\"article:modified_time\" content=\"2022-02-21T13:44:45+00:00\" \/>\n<meta property=\"og:image\" content=\"https:\/\/harago.eus\/wp-content\/uploads\/2022\/01\/BALIOTSUAK-GARA-1-1200x800.jpg\" \/>\n<meta name=\"twitter:card\" content=\"summary_large_image\" \/>\n<meta name=\"twitter:label1\" content=\"Tiempo de lectura\" \/>\n\t<meta name=\"twitter:data1\" content=\"1 minuto\" \/>\n<script type=\"application\/ld+json\" class=\"yoast-schema-graph\">{\"@context\":\"https:\\\/\\\/schema.org\",\"@graph\":[{\"@type\":\"WebPage\",\"@id\":\"https:\\\/\\\/harago.eus\\\/es\\\/somos-valiosas\\\/\",\"url\":\"https:\\\/\\\/harago.eus\\\/es\\\/somos-valiosas\\\/\",\"name\":\"Somos valiosas - Harago\",\"isPartOf\":{\"@id\":\"https:\\\/\\\/harago.eus\\\/#website\"},\"primaryImageOfPage\":{\"@id\":\"https:\\\/\\\/harago.eus\\\/es\\\/somos-valiosas\\\/#primaryimage\"},\"image\":{\"@id\":\"https:\\\/\\\/harago.eus\\\/es\\\/somos-valiosas\\\/#primaryimage\"},\"thumbnailUrl\":\"https:\\\/\\\/harago.eus\\\/wp-content\\\/uploads\\\/2022\\\/01\\\/BALIOTSUAK-GARA-1-1200x800.jpg\",\"datePublished\":\"2022-02-16T13:17:01+00:00\",\"dateModified\":\"2022-02-21T13:44:45+00:00\",\"description\":\"Identificar y reconocer la aportaci\u00f3n de cada persona integrante, brindando la oportunidad de que el grupo pueda reconocerlo y agradecerlo\",\"breadcrumb\":{\"@id\":\"https:\\\/\\\/harago.eus\\\/es\\\/somos-valiosas\\\/#breadcrumb\"},\"inLanguage\":\"es\",\"potentialAction\":[{\"@type\":\"ReadAction\",\"target\":[\"https:\\\/\\\/harago.eus\\\/es\\\/somos-valiosas\\\/\"]}]},{\"@type\":\"ImageObject\",\"inLanguage\":\"es\",\"@id\":\"https:\\\/\\\/harago.eus\\\/es\\\/somos-valiosas\\\/#primaryimage\",\"url\":\"https:\\\/\\\/harago.eus\\\/wp-content\\\/uploads\\\/2022\\\/01\\\/BALIOTSUAK-GARA-1-1200x800.jpg\",\"contentUrl\":\"https:\\\/\\\/harago.eus\\\/wp-content\\\/uploads\\\/2022\\\/01\\\/BALIOTSUAK-GARA-1-1200x800.jpg\"},{\"@type\":\"BreadcrumbList\",\"@id\":\"https:\\\/\\\/harago.eus\\\/es\\\/somos-valiosas\\\/#breadcrumb\",\"itemListElement\":[{\"@type\":\"ListItem\",\"position\":1,\"name\":\"Home\",\"item\":\"https:\\\/\\\/harago.eus\\\/\"},{\"@type\":\"ListItem\",\"position\":2,\"name\":\"Somos valiosas\"}]},{\"@type\":\"WebSite\",\"@id\":\"https:\\\/\\\/harago.eus\\\/#website\",\"url\":\"https:\\\/\\\/harago.eus\\\/\",\"name\":\"Harago\",\"description\":\"\",\"publisher\":{\"@id\":\"https:\\\/\\\/harago.eus\\\/#organization\"},\"potentialAction\":[{\"@type\":\"SearchAction\",\"target\":{\"@type\":\"EntryPoint\",\"urlTemplate\":\"https:\\\/\\\/harago.eus\\\/?s={search_term_string}\"},\"query-input\":{\"@type\":\"PropertyValueSpecification\",\"valueRequired\":true,\"valueName\":\"search_term_string\"}}],\"inLanguage\":\"es\"},{\"@type\":\"Organization\",\"@id\":\"https:\\\/\\\/harago.eus\\\/#organization\",\"name\":\"Harago\",\"url\":\"https:\\\/\\\/harago.eus\\\/\",\"logo\":{\"@type\":\"ImageObject\",\"inLanguage\":\"es\",\"@id\":\"https:\\\/\\\/harago.eus\\\/#\\\/schema\\\/logo\\\/image\\\/\",\"url\":\"https:\\\/\\\/harago.eus\\\/wp-content\\\/uploads\\\/2021\\\/11\\\/harago-logo-txuria.png\",\"contentUrl\":\"https:\\\/\\\/harago.eus\\\/wp-content\\\/uploads\\\/2021\\\/11\\\/harago-logo-txuria.png\",\"width\":842,\"height\":595,\"caption\":\"Harago\"},\"image\":{\"@id\":\"https:\\\/\\\/harago.eus\\\/#\\\/schema\\\/logo\\\/image\\\/\"}}]}<\/script>\n<!-- \/ Yoast SEO plugin. -->","yoast_head_json":{"title":"Somos valiosas - Harago","description":"Identificar y reconocer la aportaci\u00f3n de cada persona integrante, brindando la oportunidad de que el grupo pueda reconocerlo y agradecerlo","robots":{"index":"index","follow":"follow","max-snippet":"max-snippet:-1","max-image-preview":"max-image-preview:large","max-video-preview":"max-video-preview:-1"},"canonical":"https:\/\/harago.eus\/es\/somos-valiosas\/","og_locale":"es_ES","og_type":"article","og_title":"Somos valiosas - Harago","og_description":"Identificar y reconocer la aportaci\u00f3n de cada persona integrante, brindando la oportunidad de que el grupo pueda reconocerlo y agradecerlo","og_url":"https:\/\/harago.eus\/es\/somos-valiosas\/","og_site_name":"Harago","article_modified_time":"2022-02-21T13:44:45+00:00","og_image":[{"url":"https:\/\/harago.eus\/wp-content\/uploads\/2022\/01\/BALIOTSUAK-GARA-1-1200x800.jpg","type":"","width":"","height":""}],"twitter_card":"summary_large_image","twitter_misc":{"Tiempo de lectura":"1 minuto"},"schema":{"@context":"https:\/\/schema.org","@graph":[{"@type":"WebPage","@id":"https:\/\/harago.eus\/es\/somos-valiosas\/","url":"https:\/\/harago.eus\/es\/somos-valiosas\/","name":"Somos valiosas - Harago","isPartOf":{"@id":"https:\/\/harago.eus\/#website"},"primaryImageOfPage":{"@id":"https:\/\/harago.eus\/es\/somos-valiosas\/#primaryimage"},"image":{"@id":"https:\/\/harago.eus\/es\/somos-valiosas\/#primaryimage"},"thumbnailUrl":"https:\/\/harago.eus\/wp-content\/uploads\/2022\/01\/BALIOTSUAK-GARA-1-1200x800.jpg","datePublished":"2022-02-16T13:17:01+00:00","dateModified":"2022-02-21T13:44:45+00:00","description":"Identificar y reconocer la aportaci\u00f3n de cada persona integrante, brindando la oportunidad de que el grupo pueda reconocerlo y agradecerlo","breadcrumb":{"@id":"https:\/\/harago.eus\/es\/somos-valiosas\/#breadcrumb"},"inLanguage":"es","potentialAction":[{"@type":"ReadAction","target":["https:\/\/harago.eus\/es\/somos-valiosas\/"]}]},{"@type":"ImageObject","inLanguage":"es","@id":"https:\/\/harago.eus\/es\/somos-valiosas\/#primaryimage","url":"https:\/\/harago.eus\/wp-content\/uploads\/2022\/01\/BALIOTSUAK-GARA-1-1200x800.jpg","contentUrl":"https:\/\/harago.eus\/wp-content\/uploads\/2022\/01\/BALIOTSUAK-GARA-1-1200x800.jpg"},{"@type":"BreadcrumbList","@id":"https:\/\/harago.eus\/es\/somos-valiosas\/#breadcrumb","itemListElement":[{"@type":"ListItem","position":1,"name":"Home","item":"https:\/\/harago.eus\/"},{"@type":"ListItem","position":2,"name":"Somos valiosas"}]},{"@type":"WebSite","@id":"https:\/\/harago.eus\/#website","url":"https:\/\/harago.eus\/","name":"Harago","description":"","publisher":{"@id":"https:\/\/harago.eus\/#organization"},"potentialAction":[{"@type":"SearchAction","target":{"@type":"EntryPoint","urlTemplate":"https:\/\/harago.eus\/?s={search_term_string}"},"query-input":{"@type":"PropertyValueSpecification","valueRequired":true,"valueName":"search_term_string"}}],"inLanguage":"es"},{"@type":"Organization","@id":"https:\/\/harago.eus\/#organization","name":"Harago","url":"https:\/\/harago.eus\/","logo":{"@type":"ImageObject","inLanguage":"es","@id":"https:\/\/harago.eus\/#\/schema\/logo\/image\/","url":"https:\/\/harago.eus\/wp-content\/uploads\/2021\/11\/harago-logo-txuria.png","contentUrl":"https:\/\/harago.eus\/wp-content\/uploads\/2021\/11\/harago-logo-txuria.png","width":842,"height":595,"caption":"Harago"},"image":{"@id":"https:\/\/harago.eus\/#\/schema\/logo\/image\/"}}]}},"_links":{"self":[{"href":"https:\/\/harago.eus\/es\/wp-json\/wp\/v2\/pages\/978","targetHints":{"allow":["GET"]}}],"collection":[{"href":"https:\/\/harago.eus\/es\/wp-json\/wp\/v2\/pages"}],"about":[{"href":"https:\/\/harago.eus\/es\/wp-json\/wp\/v2\/types\/page"}],"author":[{"embeddable":true,"href":"https:\/\/harago.eus\/es\/wp-json\/wp\/v2\/users\/1"}],"replies":[{"embeddable":true,"href":"https:\/\/harago.eus\/es\/wp-json\/wp\/v2\/comments?post=978"}],"version-history":[{"count":5,"href":"https:\/\/harago.eus\/es\/wp-json\/wp\/v2\/pages\/978\/revisions"}],"predecessor-version":[{"id":1135,"href":"https:\/\/harago.eus\/es\/wp-json\/wp\/v2\/pages\/978\/revisions\/1135"}],"wp:attachment":[{"href":"https:\/\/harago.eus\/es\/wp-json\/wp\/v2\/media?parent=978"}],"curies":[{"name":"wp","href":"https:\/\/api.w.org\/{rel}","templated":true}]}}