{"id":982,"date":"2022-02-16T14:21:29","date_gmt":"2022-02-16T13:21:29","guid":{"rendered":"https:\/\/harago.eus\/?page_id=982"},"modified":"2022-03-01T07:37:32","modified_gmt":"2022-03-01T06:37:32","slug":"de-la-resignacion-a-la-ambicion","status":"publish","type":"page","link":"https:\/\/harago.eus\/es\/de-la-resignacion-a-la-ambicion\/","title":{"rendered":"De la resignaci\u00f3n a la ambici\u00f3n"},"content":{"rendered":"\t\t<div data-elementor-type=\"wp-page\" data-elementor-id=\"982\" class=\"elementor elementor-982 elementor-709\" data-elementor-post-type=\"page\">\n\t\t\t\t\t\t<section class=\"elementor-section elementor-top-section elementor-element elementor-element-7074c71 elementor-section-full_width elementor-section-height-min-height elementor-section-height-default elementor-section-items-middle\" data-id=\"7074c71\" data-element_type=\"section\" data-e-type=\"section\">\n\t\t\t\t\t\t<div class=\"elementor-container elementor-column-gap-no\">\n\t\t\t\t\t<div class=\"elementor-column elementor-col-100 elementor-top-column elementor-element elementor-element-9df4dc3\" data-id=\"9df4dc3\" data-element_type=\"column\" data-e-type=\"column\">\n\t\t\t<div class=\"elementor-widget-wrap elementor-element-populated\">\n\t\t\t\t\t\t<div class=\"elementor-element elementor-element-9112dfb elementor-widget elementor-widget-image\" data-id=\"9112dfb\" data-element_type=\"widget\" data-e-type=\"widget\" data-widget_type=\"image.default\">\n\t\t\t\t<div class=\"elementor-widget-container\">\n\t\t\t\t\t\t\t\t\t\t\t\t\t\t\t<img fetchpriority=\"high\" decoding=\"async\" width=\"1200\" height=\"800\" src=\"https:\/\/harago.eus\/wp-content\/uploads\/2022\/01\/Ekintzailetza-1200x800.jpg\" class=\"attachment-large size-large wp-image-573\" alt=\"\" srcset=\"https:\/\/harago.eus\/wp-content\/uploads\/2022\/01\/Ekintzailetza-1200x800.jpg 1200w, https:\/\/harago.eus\/wp-content\/uploads\/2022\/01\/Ekintzailetza-800x533.jpg 800w, https:\/\/harago.eus\/wp-content\/uploads\/2022\/01\/Ekintzailetza-768x512.jpg 768w, https:\/\/harago.eus\/wp-content\/uploads\/2022\/01\/Ekintzailetza.jpg 1500w\" sizes=\"(max-width: 1200px) 100vw, 1200px\" \/>\t\t\t\t\t\t\t\t\t\t\t\t\t\t\t<\/div>\n\t\t\t\t<\/div>\n\t\t\t\t<section class=\"elementor-section elementor-inner-section elementor-element elementor-element-aa4afdb elementor-section-boxed elementor-section-height-default elementor-section-height-default\" data-id=\"aa4afdb\" data-element_type=\"section\" data-e-type=\"section\">\n\t\t\t\t\t\t<div class=\"elementor-container elementor-column-gap-default\">\n\t\t\t\t\t<div class=\"elementor-column elementor-col-50 elementor-inner-column elementor-element elementor-element-778f399\" data-id=\"778f399\" data-element_type=\"column\" data-e-type=\"column\">\n\t\t\t<div class=\"elementor-widget-wrap elementor-element-populated\">\n\t\t\t\t\t\t<div class=\"elementor-element elementor-element-8016d33 elementor-widget elementor-widget-heading\" data-id=\"8016d33\" data-element_type=\"widget\" data-e-type=\"widget\" data-widget_type=\"heading.default\">\n\t\t\t\t<div class=\"elementor-widget-container\">\n\t\t\t\t\t<h2 class=\"elementor-heading-title elementor-size-default\">De la resignaci\u00f3n <br>a la ambici\u00f3n<\/h2>\t\t\t\t<\/div>\n\t\t\t\t<\/div>\n\t\t\t\t<div class=\"elementor-element elementor-element-80da953 elementor-widget elementor-widget-text-editor\" data-id=\"80da953\" data-element_type=\"widget\" data-e-type=\"widget\" data-widget_type=\"text-editor.default\">\n\t\t\t\t<div class=\"elementor-widget-container\">\n\t\t\t\t\t\t\t\t\t<p>Desarrollo en procesos de emprendizaje<\/p>\t\t\t\t\t\t\t\t<\/div>\n\t\t\t\t<\/div>\n\t\t\t\t\t<\/div>\n\t\t<\/div>\n\t\t\t\t<div class=\"elementor-column elementor-col-50 elementor-inner-column elementor-element elementor-element-508d89f\" data-id=\"508d89f\" data-element_type=\"column\" data-e-type=\"column\">\n\t\t\t<div class=\"elementor-widget-wrap elementor-element-populated\">\n\t\t\t\t\t\t<div class=\"elementor-element elementor-element-f209b12 elementor-widget elementor-widget-text-editor\" data-id=\"f209b12\" data-element_type=\"widget\" data-e-type=\"widget\" data-widget_type=\"text-editor.default\">\n\t\t\t\t<div class=\"elementor-widget-container\">\n\t\t\t\t\t\t\t\t\t<p><strong>Objetivo: <\/strong>Ayudar el desarrollo de capacidades de personas y equipos en fases iniciales de proyectos.<\/p><p><strong>Visi\u00f3n:<\/strong> Crear condiciones de cambio reforzando el empoderamiento personas, teniendo en cuenta todos los \u00e1mbitos de la persona: desde esquemas mentales, hasta emociones y \u00e1mbito corporal.<\/p><p><strong>Dirigido a:<\/strong> Personas que est\u00e1n poniendo en marcha proyectos, emprendedoras, profesionales que quieren desarrollar su enfoque activo, personas que comienzan nuevos caminos.<\/p><p><strong>Metodolog\u00eda: <\/strong>Talleres te\u00f3rico-pr\u00e1cticos, dirigidos a desarrollar las propias capacidades.<br \/>2 sesiones de 3 horas + herramientas metodol\u00f3gicas para el trabajo personal<\/p><p>.<\/p>\t\t\t\t\t\t\t\t<\/div>\n\t\t\t\t<\/div>\n\t\t\t\t\t<\/div>\n\t\t<\/div>\n\t\t\t\t\t<\/div>\n\t\t<\/section>\n\t\t\t\t<section class=\"elementor-section elementor-inner-section elementor-element elementor-element-39c9456 elementor-section-boxed elementor-section-height-default elementor-section-height-default\" data-id=\"39c9456\" data-element_type=\"section\" data-e-type=\"section\">\n\t\t\t\t\t\t<div class=\"elementor-container elementor-column-gap-default\">\n\t\t\t\t\t<div class=\"elementor-column elementor-col-100 elementor-inner-column elementor-element elementor-element-ba142b4\" data-id=\"ba142b4\" data-element_type=\"column\" data-e-type=\"column\">\n\t\t\t<div class=\"elementor-widget-wrap elementor-element-populated\">\n\t\t\t\t\t\t<div class=\"elementor-element elementor-element-44cd35a elementor-widget elementor-widget-heading\" data-id=\"44cd35a\" data-element_type=\"widget\" data-e-type=\"widget\" data-widget_type=\"heading.default\">\n\t\t\t\t<div class=\"elementor-widget-container\">\n\t\t\t\t\t<h2 class=\"elementor-heading-title elementor-size-default\">Contenidos:<\/h2>\t\t\t\t<\/div>\n\t\t\t\t<\/div>\n\t\t\t\t\t<\/div>\n\t\t<\/div>\n\t\t\t\t\t<\/div>\n\t\t<\/section>\n\t\t\t\t<section class=\"elementor-section elementor-inner-section elementor-element elementor-element-a08bdd7 elementor-section-boxed elementor-section-height-default elementor-section-height-default\" data-id=\"a08bdd7\" data-element_type=\"section\" data-e-type=\"section\">\n\t\t\t\t\t\t<div class=\"elementor-container elementor-column-gap-default\">\n\t\t\t\t\t<div class=\"elementor-column elementor-col-33 elementor-inner-column elementor-element elementor-element-5a03c18\" data-id=\"5a03c18\" data-element_type=\"column\" data-e-type=\"column\">\n\t\t\t<div class=\"elementor-widget-wrap elementor-element-populated\">\n\t\t\t\t\t\t<div class=\"elementor-element elementor-element-b688804 elementor-widget elementor-widget-text-editor\" data-id=\"b688804\" data-element_type=\"widget\" data-e-type=\"widget\" data-widget_type=\"text-editor.default\">\n\t\t\t\t<div class=\"elementor-widget-container\">\n\t\t\t\t\t\t\t\t\t<p><strong>Conciencia. Deshaciendo el juicio \u00abno puedo\u00bb<\/strong><\/p><ul><li>Construcci\u00f3n ling\u00fc\u00edstica de nuestro mundo.<\/li><li>Conciencia emocional: resignaci\u00f3n.<\/li><li>Conciencia del\/a observador\/a que somos.<\/li><li>El enfoque v\u00edctima.<\/li><\/ul>\t\t\t\t\t\t\t\t<\/div>\n\t\t\t\t<\/div>\n\t\t\t\t\t<\/div>\n\t\t<\/div>\n\t\t\t\t<div class=\"elementor-column elementor-col-33 elementor-inner-column elementor-element elementor-element-2aedf2c\" data-id=\"2aedf2c\" data-element_type=\"column\" data-e-type=\"column\">\n\t\t\t<div class=\"elementor-widget-wrap elementor-element-populated\">\n\t\t\t\t\t\t<div class=\"elementor-element elementor-element-5c9a6ab elementor-widget elementor-widget-text-editor\" data-id=\"5c9a6ab\" data-element_type=\"widget\" data-e-type=\"widget\" data-widget_type=\"text-editor.default\">\n\t\t\t\t<div class=\"elementor-widget-container\">\n\t\t\t\t\t\t\t\t\t<p><strong>Aprendizaje, motor de cambio<\/strong><\/p><ul><li>Ejes del cambio.<\/li><li>Acciones, juicios y ser. Niveles de cambio.<\/li><li>El camino de la confianza.<\/li><li>Conversaciones eficaces: escuchar y responder a las necesidades.<\/li><\/ul>\t\t\t\t\t\t\t\t<\/div>\n\t\t\t\t<\/div>\n\t\t\t\t\t<\/div>\n\t\t<\/div>\n\t\t\t\t<div class=\"elementor-column elementor-col-33 elementor-inner-column elementor-element elementor-element-1de4af8\" data-id=\"1de4af8\" data-element_type=\"column\" data-e-type=\"column\">\n\t\t\t<div class=\"elementor-widget-wrap elementor-element-populated\">\n\t\t\t\t\t\t<div class=\"elementor-element elementor-element-98eef41 elementor-widget elementor-widget-text-editor\" data-id=\"98eef41\" data-element_type=\"widget\" data-e-type=\"widget\" data-widget_type=\"text-editor.default\">\n\t\t\t\t<div class=\"elementor-widget-container\">\n\t\t\t\t\t\t\t\t\t<p><strong>Br\u00fajula. Estrategias para la ambici\u00f3n<\/strong><\/p><ul><li>Conciencia emocional, motor de acci\u00f3n.<\/li><li>Dise\u00f1o estrat\u00e9gico de identidad.<\/li><li>Dibujando nuestro mapa.<\/li><\/ul>\t\t\t\t\t\t\t\t<\/div>\n\t\t\t\t<\/div>\n\t\t\t\t\t<\/div>\n\t\t<\/div>\n\t\t\t\t\t<\/div>\n\t\t<\/section>\n\t\t\t\t\t<\/div>\n\t\t<\/div>\n\t\t\t\t\t<\/div>\n\t\t<\/section>\n\t\t\t\t<\/div>\n\t\t","protected":false},"excerpt":{"rendered":"<p>De la resignaci\u00f3n a la ambici\u00f3n Desarrollo en procesos de emprendizaje Objetivo: Ayudar el desarrollo de capacidades de personas y equipos en fases iniciales de proyectos. Visi\u00f3n: Crear condiciones de cambio reforzando el empoderamiento personas, teniendo en cuenta todos los \u00e1mbitos de la persona: desde esquemas mentales, hasta emociones y \u00e1mbito corporal. Dirigido a: Personas [&hellip;]<\/p>\n","protected":false},"author":1,"featured_media":0,"parent":0,"menu_order":0,"comment_status":"closed","ping_status":"closed","template":"","meta":{"site-sidebar-layout":"no-sidebar","site-content-layout":"page-builder","ast-site-content-layout":"default","site-content-style":"default","site-sidebar-style":"default","ast-global-header-display":"","ast-banner-title-visibility":"","ast-main-header-display":"","ast-hfb-above-header-display":"","ast-hfb-below-header-display":"","ast-hfb-mobile-header-display":"","site-post-title":"disabled","ast-breadcrumbs-content":"","ast-featured-img":"disabled","footer-sml-layout":"","ast-disable-related-posts":"","theme-transparent-header-meta":"default","adv-header-id-meta":"","stick-header-meta":"default","header-above-stick-meta":"","header-main-stick-meta":"","header-below-stick-meta":"","astra-migrate-meta-layouts":"default","ast-page-background-enabled":"default","ast-page-background-meta":{"desktop":{"background-color":"var(--ast-global-color-4)","background-image":"","background-repeat":"repeat","background-position":"center center","background-size":"auto","background-attachment":"scroll","background-type":"","background-media":"","overlay-type":"","overlay-color":"","overlay-opacity":"","overlay-gradient":""},"tablet":{"background-color":"","background-image":"","background-repeat":"repeat","background-position":"center center","background-size":"auto","background-attachment":"scroll","background-type":"","background-media":"","overlay-type":"","overlay-color":"","overlay-opacity":"","overlay-gradient":""},"mobile":{"background-color":"","background-image":"","background-repeat":"repeat","background-position":"center center","background-size":"auto","background-attachment":"scroll","background-type":"","background-media":"","overlay-type":"","overlay-color":"","overlay-opacity":"","overlay-gradient":""}},"ast-content-background-meta":{"desktop":{"background-color":"var(--ast-global-color-5)","background-image":"","background-repeat":"repeat","background-position":"center center","background-size":"auto","background-attachment":"scroll","background-type":"","background-media":"","overlay-type":"","overlay-color":"","overlay-opacity":"","overlay-gradient":""},"tablet":{"background-color":"var(--ast-global-color-5)","background-image":"","background-repeat":"repeat","background-position":"center center","background-size":"auto","background-attachment":"scroll","background-type":"","background-media":"","overlay-type":"","overlay-color":"","overlay-opacity":"","overlay-gradient":""},"mobile":{"background-color":"var(--ast-global-color-5)","background-image":"","background-repeat":"repeat","background-position":"center center","background-size":"auto","background-attachment":"scroll","background-type":"","background-media":"","overlay-type":"","overlay-color":"","overlay-opacity":"","overlay-gradient":""}},"footnotes":""},"class_list":["post-982","page","type-page","status-publish","hentry"],"yoast_head":"<!-- This site is optimized with the Yoast SEO plugin v27.3 - https:\/\/yoast.com\/product\/yoast-seo-wordpress\/ -->\n<title>De la resignaci\u00f3n a la ambici\u00f3n - Harago<\/title>\n<meta name=\"description\" content=\"Ayudar el desarrollo de capacidades de personas y equipos en fases iniciales de proyectos\" \/>\n<meta name=\"robots\" content=\"index, follow, max-snippet:-1, max-image-preview:large, max-video-preview:-1\" \/>\n<link rel=\"canonical\" href=\"https:\/\/harago.eus\/es\/de-la-resignacion-a-la-ambicion\/\" \/>\n<meta property=\"og:locale\" content=\"es_ES\" \/>\n<meta property=\"og:type\" content=\"article\" \/>\n<meta property=\"og:title\" content=\"De la resignaci\u00f3n a la ambici\u00f3n - Harago\" \/>\n<meta property=\"og:description\" content=\"Ayudar el desarrollo de capacidades de personas y equipos en fases iniciales de proyectos\" \/>\n<meta property=\"og:url\" content=\"https:\/\/harago.eus\/es\/de-la-resignacion-a-la-ambicion\/\" \/>\n<meta property=\"og:site_name\" content=\"Harago\" \/>\n<meta property=\"article:modified_time\" content=\"2022-03-01T06:37:32+00:00\" \/>\n<meta property=\"og:image\" content=\"https:\/\/harago.eus\/wp-content\/uploads\/2022\/01\/Ekintzailetza-1200x800.jpg\" \/>\n<meta name=\"twitter:card\" content=\"summary_large_image\" \/>\n<meta name=\"twitter:label1\" content=\"Tiempo de lectura\" \/>\n\t<meta name=\"twitter:data1\" content=\"1 minuto\" \/>\n<script type=\"application\/ld+json\" class=\"yoast-schema-graph\">{\"@context\":\"https:\\\/\\\/schema.org\",\"@graph\":[{\"@type\":\"WebPage\",\"@id\":\"https:\\\/\\\/harago.eus\\\/es\\\/de-la-resignacion-a-la-ambicion\\\/\",\"url\":\"https:\\\/\\\/harago.eus\\\/es\\\/de-la-resignacion-a-la-ambicion\\\/\",\"name\":\"De la resignaci\u00f3n a la ambici\u00f3n - Harago\",\"isPartOf\":{\"@id\":\"https:\\\/\\\/harago.eus\\\/#website\"},\"primaryImageOfPage\":{\"@id\":\"https:\\\/\\\/harago.eus\\\/es\\\/de-la-resignacion-a-la-ambicion\\\/#primaryimage\"},\"image\":{\"@id\":\"https:\\\/\\\/harago.eus\\\/es\\\/de-la-resignacion-a-la-ambicion\\\/#primaryimage\"},\"thumbnailUrl\":\"https:\\\/\\\/harago.eus\\\/wp-content\\\/uploads\\\/2022\\\/01\\\/Ekintzailetza-1200x800.jpg\",\"datePublished\":\"2022-02-16T13:21:29+00:00\",\"dateModified\":\"2022-03-01T06:37:32+00:00\",\"description\":\"Ayudar el desarrollo de capacidades de personas y equipos en fases iniciales de proyectos\",\"breadcrumb\":{\"@id\":\"https:\\\/\\\/harago.eus\\\/es\\\/de-la-resignacion-a-la-ambicion\\\/#breadcrumb\"},\"inLanguage\":\"es\",\"potentialAction\":[{\"@type\":\"ReadAction\",\"target\":[\"https:\\\/\\\/harago.eus\\\/es\\\/de-la-resignacion-a-la-ambicion\\\/\"]}]},{\"@type\":\"ImageObject\",\"inLanguage\":\"es\",\"@id\":\"https:\\\/\\\/harago.eus\\\/es\\\/de-la-resignacion-a-la-ambicion\\\/#primaryimage\",\"url\":\"https:\\\/\\\/harago.eus\\\/wp-content\\\/uploads\\\/2022\\\/01\\\/Ekintzailetza-1200x800.jpg\",\"contentUrl\":\"https:\\\/\\\/harago.eus\\\/wp-content\\\/uploads\\\/2022\\\/01\\\/Ekintzailetza-1200x800.jpg\"},{\"@type\":\"BreadcrumbList\",\"@id\":\"https:\\\/\\\/harago.eus\\\/es\\\/de-la-resignacion-a-la-ambicion\\\/#breadcrumb\",\"itemListElement\":[{\"@type\":\"ListItem\",\"position\":1,\"name\":\"Home\",\"item\":\"https:\\\/\\\/harago.eus\\\/\"},{\"@type\":\"ListItem\",\"position\":2,\"name\":\"De la resignaci\u00f3n a la ambici\u00f3n\"}]},{\"@type\":\"WebSite\",\"@id\":\"https:\\\/\\\/harago.eus\\\/#website\",\"url\":\"https:\\\/\\\/harago.eus\\\/\",\"name\":\"Harago\",\"description\":\"\",\"publisher\":{\"@id\":\"https:\\\/\\\/harago.eus\\\/#organization\"},\"potentialAction\":[{\"@type\":\"SearchAction\",\"target\":{\"@type\":\"EntryPoint\",\"urlTemplate\":\"https:\\\/\\\/harago.eus\\\/?s={search_term_string}\"},\"query-input\":{\"@type\":\"PropertyValueSpecification\",\"valueRequired\":true,\"valueName\":\"search_term_string\"}}],\"inLanguage\":\"es\"},{\"@type\":\"Organization\",\"@id\":\"https:\\\/\\\/harago.eus\\\/#organization\",\"name\":\"Harago\",\"url\":\"https:\\\/\\\/harago.eus\\\/\",\"logo\":{\"@type\":\"ImageObject\",\"inLanguage\":\"es\",\"@id\":\"https:\\\/\\\/harago.eus\\\/#\\\/schema\\\/logo\\\/image\\\/\",\"url\":\"https:\\\/\\\/harago.eus\\\/wp-content\\\/uploads\\\/2021\\\/11\\\/harago-logo-txuria.png\",\"contentUrl\":\"https:\\\/\\\/harago.eus\\\/wp-content\\\/uploads\\\/2021\\\/11\\\/harago-logo-txuria.png\",\"width\":842,\"height\":595,\"caption\":\"Harago\"},\"image\":{\"@id\":\"https:\\\/\\\/harago.eus\\\/#\\\/schema\\\/logo\\\/image\\\/\"}}]}<\/script>\n<!-- \/ Yoast SEO plugin. -->","yoast_head_json":{"title":"De la resignaci\u00f3n a la ambici\u00f3n - Harago","description":"Ayudar el desarrollo de capacidades de personas y equipos en fases iniciales de proyectos","robots":{"index":"index","follow":"follow","max-snippet":"max-snippet:-1","max-image-preview":"max-image-preview:large","max-video-preview":"max-video-preview:-1"},"canonical":"https:\/\/harago.eus\/es\/de-la-resignacion-a-la-ambicion\/","og_locale":"es_ES","og_type":"article","og_title":"De la resignaci\u00f3n a la ambici\u00f3n - Harago","og_description":"Ayudar el desarrollo de capacidades de personas y equipos en fases iniciales de proyectos","og_url":"https:\/\/harago.eus\/es\/de-la-resignacion-a-la-ambicion\/","og_site_name":"Harago","article_modified_time":"2022-03-01T06:37:32+00:00","og_image":[{"url":"https:\/\/harago.eus\/wp-content\/uploads\/2022\/01\/Ekintzailetza-1200x800.jpg","type":"","width":"","height":""}],"twitter_card":"summary_large_image","twitter_misc":{"Tiempo de lectura":"1 minuto"},"schema":{"@context":"https:\/\/schema.org","@graph":[{"@type":"WebPage","@id":"https:\/\/harago.eus\/es\/de-la-resignacion-a-la-ambicion\/","url":"https:\/\/harago.eus\/es\/de-la-resignacion-a-la-ambicion\/","name":"De la resignaci\u00f3n a la ambici\u00f3n - Harago","isPartOf":{"@id":"https:\/\/harago.eus\/#website"},"primaryImageOfPage":{"@id":"https:\/\/harago.eus\/es\/de-la-resignacion-a-la-ambicion\/#primaryimage"},"image":{"@id":"https:\/\/harago.eus\/es\/de-la-resignacion-a-la-ambicion\/#primaryimage"},"thumbnailUrl":"https:\/\/harago.eus\/wp-content\/uploads\/2022\/01\/Ekintzailetza-1200x800.jpg","datePublished":"2022-02-16T13:21:29+00:00","dateModified":"2022-03-01T06:37:32+00:00","description":"Ayudar el desarrollo de capacidades de personas y equipos en fases iniciales de proyectos","breadcrumb":{"@id":"https:\/\/harago.eus\/es\/de-la-resignacion-a-la-ambicion\/#breadcrumb"},"inLanguage":"es","potentialAction":[{"@type":"ReadAction","target":["https:\/\/harago.eus\/es\/de-la-resignacion-a-la-ambicion\/"]}]},{"@type":"ImageObject","inLanguage":"es","@id":"https:\/\/harago.eus\/es\/de-la-resignacion-a-la-ambicion\/#primaryimage","url":"https:\/\/harago.eus\/wp-content\/uploads\/2022\/01\/Ekintzailetza-1200x800.jpg","contentUrl":"https:\/\/harago.eus\/wp-content\/uploads\/2022\/01\/Ekintzailetza-1200x800.jpg"},{"@type":"BreadcrumbList","@id":"https:\/\/harago.eus\/es\/de-la-resignacion-a-la-ambicion\/#breadcrumb","itemListElement":[{"@type":"ListItem","position":1,"name":"Home","item":"https:\/\/harago.eus\/"},{"@type":"ListItem","position":2,"name":"De la resignaci\u00f3n a la ambici\u00f3n"}]},{"@type":"WebSite","@id":"https:\/\/harago.eus\/#website","url":"https:\/\/harago.eus\/","name":"Harago","description":"","publisher":{"@id":"https:\/\/harago.eus\/#organization"},"potentialAction":[{"@type":"SearchAction","target":{"@type":"EntryPoint","urlTemplate":"https:\/\/harago.eus\/?s={search_term_string}"},"query-input":{"@type":"PropertyValueSpecification","valueRequired":true,"valueName":"search_term_string"}}],"inLanguage":"es"},{"@type":"Organization","@id":"https:\/\/harago.eus\/#organization","name":"Harago","url":"https:\/\/harago.eus\/","logo":{"@type":"ImageObject","inLanguage":"es","@id":"https:\/\/harago.eus\/#\/schema\/logo\/image\/","url":"https:\/\/harago.eus\/wp-content\/uploads\/2021\/11\/harago-logo-txuria.png","contentUrl":"https:\/\/harago.eus\/wp-content\/uploads\/2021\/11\/harago-logo-txuria.png","width":842,"height":595,"caption":"Harago"},"image":{"@id":"https:\/\/harago.eus\/#\/schema\/logo\/image\/"}}]}},"_links":{"self":[{"href":"https:\/\/harago.eus\/es\/wp-json\/wp\/v2\/pages\/982","targetHints":{"allow":["GET"]}}],"collection":[{"href":"https:\/\/harago.eus\/es\/wp-json\/wp\/v2\/pages"}],"about":[{"href":"https:\/\/harago.eus\/es\/wp-json\/wp\/v2\/types\/page"}],"author":[{"embeddable":true,"href":"https:\/\/harago.eus\/es\/wp-json\/wp\/v2\/users\/1"}],"replies":[{"embeddable":true,"href":"https:\/\/harago.eus\/es\/wp-json\/wp\/v2\/comments?post=982"}],"version-history":[{"count":8,"href":"https:\/\/harago.eus\/es\/wp-json\/wp\/v2\/pages\/982\/revisions"}],"predecessor-version":[{"id":1214,"href":"https:\/\/harago.eus\/es\/wp-json\/wp\/v2\/pages\/982\/revisions\/1214"}],"wp:attachment":[{"href":"https:\/\/harago.eus\/es\/wp-json\/wp\/v2\/media?parent=982"}],"curies":[{"name":"wp","href":"https:\/\/api.w.org\/{rel}","templated":true}]}}