{"id":987,"date":"2022-02-16T14:23:53","date_gmt":"2022-02-16T13:23:53","guid":{"rendered":"https:\/\/harago.eus\/?page_id=987"},"modified":"2022-03-02T08:13:44","modified_gmt":"2022-03-02T07:13:44","slug":"equipos-eficientes","status":"publish","type":"page","link":"https:\/\/harago.eus\/es\/equipos-eficientes\/","title":{"rendered":"Equipos eficientes"},"content":{"rendered":"\t\t<div data-elementor-type=\"wp-page\" data-elementor-id=\"987\" class=\"elementor elementor-987 elementor-830\" data-elementor-post-type=\"page\">\n\t\t\t\t\t\t<section class=\"elementor-section elementor-top-section elementor-element elementor-element-729ccd1e elementor-section-full_width elementor-section-height-min-height elementor-section-height-default elementor-section-items-middle\" data-id=\"729ccd1e\" data-element_type=\"section\" data-e-type=\"section\">\n\t\t\t\t\t\t<div class=\"elementor-container elementor-column-gap-no\">\n\t\t\t\t\t<div class=\"elementor-column elementor-col-100 elementor-top-column elementor-element elementor-element-61fc84ea\" data-id=\"61fc84ea\" data-element_type=\"column\" data-e-type=\"column\">\n\t\t\t<div class=\"elementor-widget-wrap elementor-element-populated\">\n\t\t\t\t\t\t<div class=\"elementor-element elementor-element-6d8ca594 elementor-widget elementor-widget-image\" data-id=\"6d8ca594\" data-element_type=\"widget\" data-e-type=\"widget\" data-widget_type=\"image.default\">\n\t\t\t\t<div class=\"elementor-widget-container\">\n\t\t\t\t\t\t\t\t\t\t\t\t\t\t\t<img fetchpriority=\"high\" decoding=\"async\" width=\"1200\" height=\"800\" src=\"https:\/\/harago.eus\/wp-content\/uploads\/2022\/01\/ERAGINKOR-1-1200x800.jpg\" class=\"attachment-large size-large wp-image-594\" alt=\"\" srcset=\"https:\/\/harago.eus\/wp-content\/uploads\/2022\/01\/ERAGINKOR-1-1200x800.jpg 1200w, https:\/\/harago.eus\/wp-content\/uploads\/2022\/01\/ERAGINKOR-1-800x533.jpg 800w, https:\/\/harago.eus\/wp-content\/uploads\/2022\/01\/ERAGINKOR-1-768x512.jpg 768w, https:\/\/harago.eus\/wp-content\/uploads\/2022\/01\/ERAGINKOR-1.jpg 1500w\" sizes=\"(max-width: 1200px) 100vw, 1200px\" \/>\t\t\t\t\t\t\t\t\t\t\t\t\t\t\t<\/div>\n\t\t\t\t<\/div>\n\t\t\t\t<section class=\"elementor-section elementor-inner-section elementor-element elementor-element-4436363b elementor-section-boxed elementor-section-height-default elementor-section-height-default\" data-id=\"4436363b\" data-element_type=\"section\" data-e-type=\"section\">\n\t\t\t\t\t\t<div class=\"elementor-container elementor-column-gap-default\">\n\t\t\t\t\t<div class=\"elementor-column elementor-col-50 elementor-inner-column elementor-element elementor-element-63d317b7\" data-id=\"63d317b7\" data-element_type=\"column\" data-e-type=\"column\">\n\t\t\t<div class=\"elementor-widget-wrap elementor-element-populated\">\n\t\t\t\t\t\t<div class=\"elementor-element elementor-element-5663ceac elementor-widget elementor-widget-heading\" data-id=\"5663ceac\" data-element_type=\"widget\" data-e-type=\"widget\" data-widget_type=\"heading.default\">\n\t\t\t\t<div class=\"elementor-widget-container\">\n\t\t\t\t\t<h2 class=\"elementor-heading-title elementor-size-default\">Equipos eficientes<\/h2>\t\t\t\t<\/div>\n\t\t\t\t<\/div>\n\t\t\t\t<div class=\"elementor-element elementor-element-49d1dc7b elementor-widget elementor-widget-text-editor\" data-id=\"49d1dc7b\" data-element_type=\"widget\" data-e-type=\"widget\" data-widget_type=\"text-editor.default\">\n\t\t\t\t<div class=\"elementor-widget-container\">\n\t\t\t\t\t\t\t\t\t<p>Mejora la comunicaci\u00f3n y coordinaci\u00f3n<\/p>\t\t\t\t\t\t\t\t<\/div>\n\t\t\t\t<\/div>\n\t\t\t\t\t<\/div>\n\t\t<\/div>\n\t\t\t\t<div class=\"elementor-column elementor-col-50 elementor-inner-column elementor-element elementor-element-61c3d102\" data-id=\"61c3d102\" data-element_type=\"column\" data-e-type=\"column\">\n\t\t\t<div class=\"elementor-widget-wrap elementor-element-populated\">\n\t\t\t\t\t\t<div class=\"elementor-element elementor-element-d7b5bff elementor-widget elementor-widget-text-editor\" data-id=\"d7b5bff\" data-element_type=\"widget\" data-e-type=\"widget\" data-widget_type=\"text-editor.default\">\n\t\t\t\t<div class=\"elementor-widget-container\">\n\t\t\t\t\t\t\t\t\t<p><strong>Objetivo:<\/strong> Mejorar la comunicaci\u00f3n y coordinaci\u00f3n en los procesos de trabajo. Un acercamiento a la metodolog\u00eda que permite desarrollar cualquier tarea colectiva de un modo m\u00e1s sencillo y eficaz.<\/p><p><strong>Visi\u00f3n: <\/strong>En la vida del equipo y, m\u00e1s concretamente, en lo referente a coordinarse para sacar adelante un trabajo o proyecto conjuntamente, la comunicaci\u00f3n es clave. La calidad de la comunicaci\u00f3n es de vital importancia, y mejora sustancialmente tanto el bienestar de las personas como los propios resultados. Coordinarse significa comunicarse. Desde esta vivencia se emplaza a sus integrantes a reparar en c\u00f3mo se desarrolla su labor en el seno del grupo, y como ejercicio formativo, conocer las claves principales de la anhelada mejora.<\/p><p><strong>Dirigido a: <\/strong>Dirigido a grupos que quieren explorar y encontrar los distintos modos de perfeccionar la organizaci\u00f3n de sus tareas. Especialmente a quienes identific\u00e1is las tensiones y malentendidos inherentes a los modos habituales de intercoordinaci\u00f3n. Tambi\u00e9n recomendable para los grupos de trabajo que quieran examinar y ensayar nuevas f\u00f3rmulas de organizaci\u00f3n grupal.<\/p><p><strong>Metodolog\u00eda: <\/strong>Vivencia con duraci\u00f3n de 6 horas, que combina juego, formaci\u00f3n y reflexi\u00f3n, compartiendo almuerzo. Se trata de probar maneras m\u00e1s efectivas de comunicarse\/coordinarse.<strong><br \/><\/strong><\/p>\t\t\t\t\t\t\t\t<\/div>\n\t\t\t\t<\/div>\n\t\t\t\t\t<\/div>\n\t\t<\/div>\n\t\t\t\t\t<\/div>\n\t\t<\/section>\n\t\t\t\t\t<\/div>\n\t\t<\/div>\n\t\t\t\t\t<\/div>\n\t\t<\/section>\n\t\t\t\t<\/div>\n\t\t","protected":false},"excerpt":{"rendered":"<p>Equipos eficientes Mejora la comunicaci\u00f3n y coordinaci\u00f3n Objetivo: Mejorar la comunicaci\u00f3n y coordinaci\u00f3n en los procesos de trabajo. Un acercamiento a la metodolog\u00eda que permite desarrollar cualquier tarea colectiva de un modo m\u00e1s sencillo y eficaz. Visi\u00f3n: En la vida del equipo y, m\u00e1s concretamente, en lo referente a coordinarse para sacar adelante un trabajo [&hellip;]<\/p>\n","protected":false},"author":1,"featured_media":0,"parent":0,"menu_order":0,"comment_status":"closed","ping_status":"closed","template":"","meta":{"site-sidebar-layout":"no-sidebar","site-content-layout":"page-builder","ast-site-content-layout":"default","site-content-style":"default","site-sidebar-style":"default","ast-global-header-display":"","ast-banner-title-visibility":"","ast-main-header-display":"","ast-hfb-above-header-display":"","ast-hfb-below-header-display":"","ast-hfb-mobile-header-display":"","site-post-title":"disabled","ast-breadcrumbs-content":"","ast-featured-img":"disabled","footer-sml-layout":"","ast-disable-related-posts":"","theme-transparent-header-meta":"default","adv-header-id-meta":"","stick-header-meta":"default","header-above-stick-meta":"","header-main-stick-meta":"","header-below-stick-meta":"","astra-migrate-meta-layouts":"default","ast-page-background-enabled":"default","ast-page-background-meta":{"desktop":{"background-color":"var(--ast-global-color-4)","background-image":"","background-repeat":"repeat","background-position":"center center","background-size":"auto","background-attachment":"scroll","background-type":"","background-media":"","overlay-type":"","overlay-color":"","overlay-opacity":"","overlay-gradient":""},"tablet":{"background-color":"","background-image":"","background-repeat":"repeat","background-position":"center center","background-size":"auto","background-attachment":"scroll","background-type":"","background-media":"","overlay-type":"","overlay-color":"","overlay-opacity":"","overlay-gradient":""},"mobile":{"background-color":"","background-image":"","background-repeat":"repeat","background-position":"center center","background-size":"auto","background-attachment":"scroll","background-type":"","background-media":"","overlay-type":"","overlay-color":"","overlay-opacity":"","overlay-gradient":""}},"ast-content-background-meta":{"desktop":{"background-color":"var(--ast-global-color-5)","background-image":"","background-repeat":"repeat","background-position":"center center","background-size":"auto","background-attachment":"scroll","background-type":"","background-media":"","overlay-type":"","overlay-color":"","overlay-opacity":"","overlay-gradient":""},"tablet":{"background-color":"var(--ast-global-color-5)","background-image":"","background-repeat":"repeat","background-position":"center center","background-size":"auto","background-attachment":"scroll","background-type":"","background-media":"","overlay-type":"","overlay-color":"","overlay-opacity":"","overlay-gradient":""},"mobile":{"background-color":"var(--ast-global-color-5)","background-image":"","background-repeat":"repeat","background-position":"center center","background-size":"auto","background-attachment":"scroll","background-type":"","background-media":"","overlay-type":"","overlay-color":"","overlay-opacity":"","overlay-gradient":""}},"footnotes":""},"class_list":["post-987","page","type-page","status-publish","hentry"],"yoast_head":"<!-- This site is optimized with the Yoast SEO plugin v27.3 - https:\/\/yoast.com\/product\/yoast-seo-wordpress\/ -->\n<title>Equipos eficientes - Harago<\/title>\n<meta name=\"description\" content=\"Mejorar la comunicaci\u00f3n y coordinaci\u00f3n en los procesos de trabajo. Un acercamiento a la metodolog\u00eda que permite desarrollar cualquier tarea\" \/>\n<meta name=\"robots\" content=\"index, follow, max-snippet:-1, max-image-preview:large, max-video-preview:-1\" \/>\n<link rel=\"canonical\" href=\"https:\/\/harago.eus\/es\/equipos-eficientes\/\" \/>\n<meta property=\"og:locale\" content=\"es_ES\" \/>\n<meta property=\"og:type\" content=\"article\" \/>\n<meta property=\"og:title\" content=\"Equipos eficientes - Harago\" \/>\n<meta property=\"og:description\" content=\"Mejorar la comunicaci\u00f3n y coordinaci\u00f3n en los procesos de trabajo. Un acercamiento a la metodolog\u00eda que permite desarrollar cualquier tarea\" \/>\n<meta property=\"og:url\" content=\"https:\/\/harago.eus\/es\/equipos-eficientes\/\" \/>\n<meta property=\"og:site_name\" content=\"Harago\" \/>\n<meta property=\"article:modified_time\" content=\"2022-03-02T07:13:44+00:00\" \/>\n<meta property=\"og:image\" content=\"https:\/\/harago.eus\/wp-content\/uploads\/2022\/01\/ERAGINKOR-1-1200x800.jpg\" \/>\n<meta name=\"twitter:card\" content=\"summary_large_image\" \/>\n<meta name=\"twitter:label1\" content=\"Tiempo de lectura\" \/>\n\t<meta name=\"twitter:data1\" content=\"2 minutos\" \/>\n<script type=\"application\/ld+json\" class=\"yoast-schema-graph\">{\"@context\":\"https:\\\/\\\/schema.org\",\"@graph\":[{\"@type\":\"WebPage\",\"@id\":\"https:\\\/\\\/harago.eus\\\/es\\\/equipos-eficientes\\\/\",\"url\":\"https:\\\/\\\/harago.eus\\\/es\\\/equipos-eficientes\\\/\",\"name\":\"Equipos eficientes - Harago\",\"isPartOf\":{\"@id\":\"https:\\\/\\\/harago.eus\\\/#website\"},\"primaryImageOfPage\":{\"@id\":\"https:\\\/\\\/harago.eus\\\/es\\\/equipos-eficientes\\\/#primaryimage\"},\"image\":{\"@id\":\"https:\\\/\\\/harago.eus\\\/es\\\/equipos-eficientes\\\/#primaryimage\"},\"thumbnailUrl\":\"https:\\\/\\\/harago.eus\\\/wp-content\\\/uploads\\\/2022\\\/01\\\/ERAGINKOR-1-1200x800.jpg\",\"datePublished\":\"2022-02-16T13:23:53+00:00\",\"dateModified\":\"2022-03-02T07:13:44+00:00\",\"description\":\"Mejorar la comunicaci\u00f3n y coordinaci\u00f3n en los procesos de trabajo. Un acercamiento a la metodolog\u00eda que permite desarrollar cualquier tarea\",\"breadcrumb\":{\"@id\":\"https:\\\/\\\/harago.eus\\\/es\\\/equipos-eficientes\\\/#breadcrumb\"},\"inLanguage\":\"es\",\"potentialAction\":[{\"@type\":\"ReadAction\",\"target\":[\"https:\\\/\\\/harago.eus\\\/es\\\/equipos-eficientes\\\/\"]}]},{\"@type\":\"ImageObject\",\"inLanguage\":\"es\",\"@id\":\"https:\\\/\\\/harago.eus\\\/es\\\/equipos-eficientes\\\/#primaryimage\",\"url\":\"https:\\\/\\\/harago.eus\\\/wp-content\\\/uploads\\\/2022\\\/01\\\/ERAGINKOR-1-1200x800.jpg\",\"contentUrl\":\"https:\\\/\\\/harago.eus\\\/wp-content\\\/uploads\\\/2022\\\/01\\\/ERAGINKOR-1-1200x800.jpg\"},{\"@type\":\"BreadcrumbList\",\"@id\":\"https:\\\/\\\/harago.eus\\\/es\\\/equipos-eficientes\\\/#breadcrumb\",\"itemListElement\":[{\"@type\":\"ListItem\",\"position\":1,\"name\":\"Home\",\"item\":\"https:\\\/\\\/harago.eus\\\/\"},{\"@type\":\"ListItem\",\"position\":2,\"name\":\"Equipos eficientes\"}]},{\"@type\":\"WebSite\",\"@id\":\"https:\\\/\\\/harago.eus\\\/#website\",\"url\":\"https:\\\/\\\/harago.eus\\\/\",\"name\":\"Harago\",\"description\":\"\",\"publisher\":{\"@id\":\"https:\\\/\\\/harago.eus\\\/#organization\"},\"potentialAction\":[{\"@type\":\"SearchAction\",\"target\":{\"@type\":\"EntryPoint\",\"urlTemplate\":\"https:\\\/\\\/harago.eus\\\/?s={search_term_string}\"},\"query-input\":{\"@type\":\"PropertyValueSpecification\",\"valueRequired\":true,\"valueName\":\"search_term_string\"}}],\"inLanguage\":\"es\"},{\"@type\":\"Organization\",\"@id\":\"https:\\\/\\\/harago.eus\\\/#organization\",\"name\":\"Harago\",\"url\":\"https:\\\/\\\/harago.eus\\\/\",\"logo\":{\"@type\":\"ImageObject\",\"inLanguage\":\"es\",\"@id\":\"https:\\\/\\\/harago.eus\\\/#\\\/schema\\\/logo\\\/image\\\/\",\"url\":\"https:\\\/\\\/harago.eus\\\/wp-content\\\/uploads\\\/2021\\\/11\\\/harago-logo-txuria.png\",\"contentUrl\":\"https:\\\/\\\/harago.eus\\\/wp-content\\\/uploads\\\/2021\\\/11\\\/harago-logo-txuria.png\",\"width\":842,\"height\":595,\"caption\":\"Harago\"},\"image\":{\"@id\":\"https:\\\/\\\/harago.eus\\\/#\\\/schema\\\/logo\\\/image\\\/\"}}]}<\/script>\n<!-- \/ Yoast SEO plugin. -->","yoast_head_json":{"title":"Equipos eficientes - Harago","description":"Mejorar la comunicaci\u00f3n y coordinaci\u00f3n en los procesos de trabajo. Un acercamiento a la metodolog\u00eda que permite desarrollar cualquier tarea","robots":{"index":"index","follow":"follow","max-snippet":"max-snippet:-1","max-image-preview":"max-image-preview:large","max-video-preview":"max-video-preview:-1"},"canonical":"https:\/\/harago.eus\/es\/equipos-eficientes\/","og_locale":"es_ES","og_type":"article","og_title":"Equipos eficientes - Harago","og_description":"Mejorar la comunicaci\u00f3n y coordinaci\u00f3n en los procesos de trabajo. Un acercamiento a la metodolog\u00eda que permite desarrollar cualquier tarea","og_url":"https:\/\/harago.eus\/es\/equipos-eficientes\/","og_site_name":"Harago","article_modified_time":"2022-03-02T07:13:44+00:00","og_image":[{"url":"https:\/\/harago.eus\/wp-content\/uploads\/2022\/01\/ERAGINKOR-1-1200x800.jpg","type":"","width":"","height":""}],"twitter_card":"summary_large_image","twitter_misc":{"Tiempo de lectura":"2 minutos"},"schema":{"@context":"https:\/\/schema.org","@graph":[{"@type":"WebPage","@id":"https:\/\/harago.eus\/es\/equipos-eficientes\/","url":"https:\/\/harago.eus\/es\/equipos-eficientes\/","name":"Equipos eficientes - Harago","isPartOf":{"@id":"https:\/\/harago.eus\/#website"},"primaryImageOfPage":{"@id":"https:\/\/harago.eus\/es\/equipos-eficientes\/#primaryimage"},"image":{"@id":"https:\/\/harago.eus\/es\/equipos-eficientes\/#primaryimage"},"thumbnailUrl":"https:\/\/harago.eus\/wp-content\/uploads\/2022\/01\/ERAGINKOR-1-1200x800.jpg","datePublished":"2022-02-16T13:23:53+00:00","dateModified":"2022-03-02T07:13:44+00:00","description":"Mejorar la comunicaci\u00f3n y coordinaci\u00f3n en los procesos de trabajo. Un acercamiento a la metodolog\u00eda que permite desarrollar cualquier tarea","breadcrumb":{"@id":"https:\/\/harago.eus\/es\/equipos-eficientes\/#breadcrumb"},"inLanguage":"es","potentialAction":[{"@type":"ReadAction","target":["https:\/\/harago.eus\/es\/equipos-eficientes\/"]}]},{"@type":"ImageObject","inLanguage":"es","@id":"https:\/\/harago.eus\/es\/equipos-eficientes\/#primaryimage","url":"https:\/\/harago.eus\/wp-content\/uploads\/2022\/01\/ERAGINKOR-1-1200x800.jpg","contentUrl":"https:\/\/harago.eus\/wp-content\/uploads\/2022\/01\/ERAGINKOR-1-1200x800.jpg"},{"@type":"BreadcrumbList","@id":"https:\/\/harago.eus\/es\/equipos-eficientes\/#breadcrumb","itemListElement":[{"@type":"ListItem","position":1,"name":"Home","item":"https:\/\/harago.eus\/"},{"@type":"ListItem","position":2,"name":"Equipos eficientes"}]},{"@type":"WebSite","@id":"https:\/\/harago.eus\/#website","url":"https:\/\/harago.eus\/","name":"Harago","description":"","publisher":{"@id":"https:\/\/harago.eus\/#organization"},"potentialAction":[{"@type":"SearchAction","target":{"@type":"EntryPoint","urlTemplate":"https:\/\/harago.eus\/?s={search_term_string}"},"query-input":{"@type":"PropertyValueSpecification","valueRequired":true,"valueName":"search_term_string"}}],"inLanguage":"es"},{"@type":"Organization","@id":"https:\/\/harago.eus\/#organization","name":"Harago","url":"https:\/\/harago.eus\/","logo":{"@type":"ImageObject","inLanguage":"es","@id":"https:\/\/harago.eus\/#\/schema\/logo\/image\/","url":"https:\/\/harago.eus\/wp-content\/uploads\/2021\/11\/harago-logo-txuria.png","contentUrl":"https:\/\/harago.eus\/wp-content\/uploads\/2021\/11\/harago-logo-txuria.png","width":842,"height":595,"caption":"Harago"},"image":{"@id":"https:\/\/harago.eus\/#\/schema\/logo\/image\/"}}]}},"_links":{"self":[{"href":"https:\/\/harago.eus\/es\/wp-json\/wp\/v2\/pages\/987","targetHints":{"allow":["GET"]}}],"collection":[{"href":"https:\/\/harago.eus\/es\/wp-json\/wp\/v2\/pages"}],"about":[{"href":"https:\/\/harago.eus\/es\/wp-json\/wp\/v2\/types\/page"}],"author":[{"embeddable":true,"href":"https:\/\/harago.eus\/es\/wp-json\/wp\/v2\/users\/1"}],"replies":[{"embeddable":true,"href":"https:\/\/harago.eus\/es\/wp-json\/wp\/v2\/comments?post=987"}],"version-history":[{"count":8,"href":"https:\/\/harago.eus\/es\/wp-json\/wp\/v2\/pages\/987\/revisions"}],"predecessor-version":[{"id":1250,"href":"https:\/\/harago.eus\/es\/wp-json\/wp\/v2\/pages\/987\/revisions\/1250"}],"wp:attachment":[{"href":"https:\/\/harago.eus\/es\/wp-json\/wp\/v2\/media?parent=987"}],"curies":[{"name":"wp","href":"https:\/\/api.w.org\/{rel}","templated":true}]}}